{"id":4403,"date":"2018-07-31T14:01:46","date_gmt":"2018-07-31T14:01:46","guid":{"rendered":"http:\/\/esebarrancabermeja.gov.co\/?page_id=4403"},"modified":"2022-07-05T15:27:44","modified_gmt":"2022-07-05T20:27:44","slug":"s-i-a-u","status":"publish","type":"page","link":"https:\/\/esebarrancabermeja.gov.co\/antigua-ese-2022\/s-i-a-u\/","title":{"rendered":"S.I.A.U."},"content":{"rendered":"<p><strong>SISTEMA DE INFORMACI\u00d3N Y ATENCI\u00d3N AL USUARIO &#8211; SIAU<\/strong><\/p>\n<p style=\"text-align: justify;\">Las Empresas Promotoras de Salud (EPS) y las Instituciones Prestadoras de Servicios de Salud (IPS) sean p\u00fablicas, privadas o mixtas, deber\u00e1n establecer un servicio de atenci\u00f3n a los afiliados y vinculados al Sistema General de Seguridad Social en Salud.<\/p>\n<p style=\"text-align: justify;\">La ESEB ratifica, organiza y establece el SIAU mediante resoluci\u00f3n No. 220 del 30 de agosto del 2018, como una herramienta gerencial que permite garantizar la calidad en la prestaci\u00f3n de los servicios y un medio de expresi\u00f3n de las necesidades de los usuarios.<\/p>\n<p style=\"text-align: justify;\"><strong>FUNCIONES<\/strong><br \/>\u2022 Recibir, analizar, clasificar, tramitar y resolver las Peticiones, Quejas, Reclamos y Solicitudes (PQRS) realizadas por los usuarios.<\/p>\n<p style=\"text-align: justify;\">\u2022 Brindar informaci\u00f3n sobre derechos y deberes de los usuarios, funcionamiento del Sistema, Planes de Beneficio y rutas de acceso a los programas y servicios ofrecidos por la instituci\u00f3n, utilizando diferentes medios de comunicaci\u00f3n e informaci\u00f3n.<\/p>\n<p style=\"text-align: justify;\">\u2022 Promocionar y apoyar la existencia y funcionamiento de los espacios de participaci\u00f3n en las instituciones, tales como el Comit\u00e9 de \u00c9tica Hospitalaria, la Asociaci\u00f3n de Usuarios y su representaci\u00f3n ante la Junta Directiva de la Empresa Social del Estado.<\/p>\n<p style=\"text-align: justify;\">\u2022 Desarrollar e implementar conjuntamente con el personal de los centros de salud de la ESEB, estrategias orientadas hacia la humanizaci\u00f3n en la atenci\u00f3n en salud del ejercicio de los derechos y ciudadanos en el contexto del respeto permanente por la protecci\u00f3n de los derechos humanos y cumplimiento de deberes a fin de identificar las posibles falencias en los servicios ofrecidos por la empresa para desarrollar acciones encaminadas a eliminarlas y as\u00ed elevar el nivel de satisfacci\u00f3n de los usuarios.<\/p>\n<p style=\"text-align: justify;\">DIRECCI\u00d3N: Transversal 47A # 57-29 Barrio Danubio<br \/>L\u00cdNEA TELEF\u00d3NICA: 57 + 6076007190 &#8211; 3009108033<br \/>L\u00cdNEA GRATUITA: 018000 423690<br \/>PAGINA WEB: www.esebarrancabermeja.gov.co<br \/>CORREO ELECTR\u00d3NICO: siau@esebarrancabermeja.gov.co<\/p>\n<p style=\"text-align: justify;\"><strong>HORARIO DE ATENCI\u00d3N:<\/strong><br \/>Lunes a jueves de 7:00 am a 11:30\u00a0 am\u00a0 y de 2:00 pm a 5:30 pm<br \/>Viernes de 7:00 am a 11:30\u00a0 am\u00a0 y de 2:00 pm a 4:30 pm<\/p>\n<p style=\"text-align: justify;\">El proceso es liderado por la trabajadora social <strong>ISOLINA GONZ\u00c1LEZ LE\u00d3N<\/strong><\/p>\n<p style=\"text-align: justify;\">Puede realizar sus peticiones, quejas, reclamos y sugerencias en l\u00ednea dando <a href=\"http:\/\/esebarrancabermeja.gov.co\/pqrsdf\/\"><strong>clic aqu\u00ed<\/strong><\/a>.<\/p>\n\n\n<div class=\"wp-block-buttons is-content-justification-center\">\n<div class=\"wp-block-button is-style-outline\"><a class=\"wp-block-button__link has-black-color has-cyan-bluish-gray-background-color has-text-color has-background\" href=\"http:\/\/esebarrancabermeja.gov.co\/wp-content\/uploads\/2021\/09\/10531-MA-001-MANUAL-DEL-SIAU-2021.pdf\"><strong>Ver Manual SIAU<\/strong><\/a><\/div>\n\n\n\n<div class=\"wp-block-button is-style-outline\"><a class=\"wp-block-button__link has-black-color has-cyan-bluish-gray-background-color has-text-color has-background\" href=\"http:\/\/esebarrancabermeja.gov.co\/wp-content\/uploads\/2021\/09\/DIAPOSITIVAS-SIAU-2.pdf\"><strong>Conozca m\u00e1s del SIAU<\/strong><\/a><\/div>\n<\/div>\n","protected":false},"excerpt":{"rendered":"<p>SISTEMA DE INFORMACI\u00d3N Y ATENCI\u00d3N AL USUARIO &#8211; SIAU Las Empresas Promotoras de Salud (EPS) y las Instituciones Prestadoras de Servicios de Salud (IPS) sean p\u00fablicas, privadas o mixtas, deber\u00e1n establecer un servicio de atenci\u00f3n a los afiliados y vinculados al Sistema General de Seguridad Social en Salud. La ESEB ratifica, organiza y establece el<\/p>\n","protected":false},"author":1,"featured_media":0,"parent":0,"menu_order":0,"comment_status":"closed","ping_status":"closed","template":"","meta":{"_bbp_topic_count":0,"_bbp_reply_count":0,"_bbp_total_topic_count":0,"_bbp_total_reply_count":0,"_bbp_voice_count":0,"_bbp_anonymous_reply_count":0,"_bbp_topic_count_hidden":0,"_bbp_reply_count_hidden":0,"_bbp_forum_subforum_count":0},"categories":[569,570],"tags":[],"_links":{"self":[{"href":"https:\/\/esebarrancabermeja.gov.co\/antigua-ese-2022\/wp-json\/wp\/v2\/pages\/4403"}],"collection":[{"href":"https:\/\/esebarrancabermeja.gov.co\/antigua-ese-2022\/wp-json\/wp\/v2\/pages"}],"about":[{"href":"https:\/\/esebarrancabermeja.gov.co\/antigua-ese-2022\/wp-json\/wp\/v2\/types\/page"}],"author":[{"embeddable":true,"href":"https:\/\/esebarrancabermeja.gov.co\/antigua-ese-2022\/wp-json\/wp\/v2\/users\/1"}],"replies":[{"embeddable":true,"href":"https:\/\/esebarrancabermeja.gov.co\/antigua-ese-2022\/wp-json\/wp\/v2\/comments?post=4403"}],"version-history":[{"count":4,"href":"https:\/\/esebarrancabermeja.gov.co\/antigua-ese-2022\/wp-json\/wp\/v2\/pages\/4403\/revisions"}],"predecessor-version":[{"id":8643,"href":"https:\/\/esebarrancabermeja.gov.co\/antigua-ese-2022\/wp-json\/wp\/v2\/pages\/4403\/revisions\/8643"}],"wp:attachment":[{"href":"https:\/\/esebarrancabermeja.gov.co\/antigua-ese-2022\/wp-json\/wp\/v2\/media?parent=4403"}],"wp:term":[{"taxonomy":"category","embeddable":true,"href":"https:\/\/esebarrancabermeja.gov.co\/antigua-ese-2022\/wp-json\/wp\/v2\/categories?post=4403"},{"taxonomy":"post_tag","embeddable":true,"href":"https:\/\/esebarrancabermeja.gov.co\/antigua-ese-2022\/wp-json\/wp\/v2\/tags?post=4403"}],"curies":[{"name":"wp","href":"https:\/\/api.w.org\/{rel}","templated":true}]}}