{"id":4449,"date":"2018-07-31T17:03:19","date_gmt":"2018-07-31T17:03:19","guid":{"rendered":"http:\/\/esebarrancabermeja.gov.co\/?page_id=4449"},"modified":"2018-07-31T17:03:19","modified_gmt":"2018-07-31T17:03:19","slug":"politica-de-privacidad-y-seguridad-de-la-pagina-web","status":"publish","type":"page","link":"https:\/\/esebarrancabermeja.gov.co\/antigua-ese-2022\/politica-de-privacidad-y-seguridad-de-la-pagina-web\/","title":{"rendered":"POL\u00cdTICA DE PRIVACIDAD Y SEGURIDAD DE LA P\u00c1GINA WEB"},"content":{"rendered":"<p>Con el prop\u00f3sito de reconocer la importancia que tienen la privacidad y la seguridad de la informaci\u00f3n, la Empresa Social del Estado Barrancabermeja,\u00a0 pone a disposici\u00f3n de las personas que visiten este sitio, en adelante los Usuarios, la presente Pol\u00edtica de Privacidad, la cual contiene las medidas de seguridad tomadas tanto para la protecci\u00f3n de la informaci\u00f3n personal suministrada, como de su recopilaci\u00f3n, uso y revelaci\u00f3n, as\u00ed como tambi\u00e9n de los derechos de los usuarios.<\/p>\n<p>En virtud de lo expuesto en la presente Pol\u00edtica de Privacidad, la Empresa Social del Estado Barrancabermeja procesar\u00e1 \u00fanicamente la informaci\u00f3n personal suministrada por los usuarios, de acuerdo con las condiciones de uso, o con los avisos legales incluidos en el respectivo servicio. Al usuario de este sitio, se le recomienda leer detalladamente este documento, antes de dar inicio a la exploraci\u00f3n del mismo y, sobre todo, antes de suministrar cualquier tipo de informaci\u00f3n. En caso de que no est\u00e9 de acuerdo con algo de lo aqu\u00ed establecido, abst\u00e9ngase de utilizar el sitio o de ingresar informaci\u00f3n.<\/p>\n<p>Este sitio est\u00e1 destinado a ser usado, principalmente, por residentes en Colombia. En todo caso, para utilizar los servicios aqu\u00ed ofrecidos, es un requisito indispensable que el usuario est\u00e9 de acuerdo con las pol\u00edticas de recopilaci\u00f3n, uso y revelaci\u00f3n de la informaci\u00f3n ingresada, indicadas en la presente Pol\u00edtica de Privacidad.<\/p>\n<p>&nbsp;<\/p>\n<p><strong>Recolecci\u00f3n de su informaci\u00f3n Personal:<\/strong><\/p>\n<p>Todos los datos personales consignados en este sitio Web son suministrados por los Usuarios, haciendo uso entero de su libertad. La informaci\u00f3n aqu\u00ed almacenada solo comprende datos b\u00e1sicos ingresados mediante formularios de contacto tales como: \u00a0\u00a0Documento de Identidad, Nombre y apellido, Direcci\u00f3n de e-mail, n\u00famero de tel\u00e9fono, comentarios u otros similares.<\/p>\n<p>Tambi\u00e9n hay informaci\u00f3n que los servidores reconocen de manera autom\u00e1tica una vez que se visita un sitio web. Estos registros del servidor pueden llegar a contener informaci\u00f3n tal como el tipo de navegador, la direcci\u00f3n de protocolo de Internet, la fecha y la hora de la solicitud, entre otras.<\/p>\n<p>&nbsp;<\/p>\n<p><strong>Uso de la informaci\u00f3n:<\/strong><\/p>\n<p>Al proporcionarnos sus datos personales, estando de acuerdo con la Pol\u00edtica de Privacidad aqu\u00ed consignada, nos autoriza para el siguiente uso de su informaci\u00f3n: a) para el fin mismo por lo cual se ha suministrado; b) para contactarlo a trav\u00e9s de encuestas de opini\u00f3n de nuestros servicios; c) para orientar mejor los servicios aqu\u00ed ofrecidos y valorarlos a su criterio; d) para considerarlo dentro de nuestras estad\u00edsticas de tr\u00e1fico; e) para enviar e-mails con nuestros boletines, responder inquietudes o comentarios, y mantener informado a nuestros usuarios.<\/p>\n<p>&nbsp;<\/p>\n<p><strong>Uso de los\u00a0cookies:<\/strong><\/p>\n<p>Una cookie se refiere a un archivo que es enviado con la finalidad de solicitar permiso para almacenarse en su ordenador, al aceptar dicho fichero se crea y la cookie sirve entonces para tener informaci\u00f3n respecto al tr\u00e1fico web, y tambi\u00e9n facilita las futuras visitas a una web recurrente. Otra funci\u00f3n que tienen las cookies es que con ellas las web pueden reconocerte individualmente y por tanto brindarte el mejor servicio personalizado de su web.<\/p>\n<p>Nuestro sitio web puede emplear las cookies para poder identificar las p\u00e1ginas que son visitadas y su frecuencia. Esta informaci\u00f3n es empleada \u00fanicamente para an\u00e1lisis estad\u00edstico y despu\u00e9s la informaci\u00f3n se elimina de forma permanente. \u00a0El usuario puede aceptar o negar el uso de cookies, sin embargo la mayor\u00eda de navegadores aceptan cookies autom\u00e1ticamente pues sirve para tener un mejor servicio web. Tambi\u00e9n puede cambiar la configuraci\u00f3n de su ordenador para declinar las cookies. Si se declinan es posible que no pueda utilizar algunos de nuestros servicios.<\/p>\n<p>&nbsp;<\/p>\n<p><strong>Modificaciones a nuestras Pol\u00edticas de Privacidad<\/strong>:<\/p>\n<p>El sitio web se reserva el derecho de modificar, rectificar, alterar, agregar o eliminar cualquier punto del presente escrito en cualquier momento y sin previo aviso, siendo su responsabilidad revisar de manera peri\u00f3dica esta pol\u00edtica con el fin de mantenerse informado \u00a0de tales modificaciones y cada nuevo acceso del usuario a la p\u00e1gina ser\u00e1 considerado una aceptaci\u00f3n t\u00e1cita de las nuevas condiciones.<\/p>\n<h2><\/h2>\n<p><strong>Informaci\u00f3n De Contacto<\/strong><\/p>\n<p>Para realizar cualquier sugerencia, observaci\u00f3n o inquietud, referente a cualquiera de los aspectos mencionados en esta Pol\u00edtica de Privacidad, se puede establecer contacto con nosotros, en la siguiente direcci\u00f3n:\u00a0siau@esebarrancabermeja.com<\/p>\n","protected":false},"excerpt":{"rendered":"<p>Con el prop\u00f3sito de reconocer la importancia que tienen la privacidad y la seguridad de la informaci\u00f3n, la Empresa Social del Estado Barrancabermeja,\u00a0 pone a disposici\u00f3n de las personas que visiten este sitio, en adelante los Usuarios, la presente Pol\u00edtica de Privacidad, la cual contiene las medidas de seguridad tomadas tanto para la protecci\u00f3n de<\/p>\n","protected":false},"author":1,"featured_media":0,"parent":0,"menu_order":0,"comment_status":"closed","ping_status":"closed","template":"","meta":{"_bbp_topic_count":0,"_bbp_reply_count":0,"_bbp_total_topic_count":0,"_bbp_total_reply_count":0,"_bbp_voice_count":0,"_bbp_anonymous_reply_count":0,"_bbp_topic_count_hidden":0,"_bbp_reply_count_hidden":0,"_bbp_forum_subforum_count":0},"categories":[],"tags":[],"_links":{"self":[{"href":"https:\/\/esebarrancabermeja.gov.co\/antigua-ese-2022\/wp-json\/wp\/v2\/pages\/4449"}],"collection":[{"href":"https:\/\/esebarrancabermeja.gov.co\/antigua-ese-2022\/wp-json\/wp\/v2\/pages"}],"about":[{"href":"https:\/\/esebarrancabermeja.gov.co\/antigua-ese-2022\/wp-json\/wp\/v2\/types\/page"}],"author":[{"embeddable":true,"href":"https:\/\/esebarrancabermeja.gov.co\/antigua-ese-2022\/wp-json\/wp\/v2\/users\/1"}],"replies":[{"embeddable":true,"href":"https:\/\/esebarrancabermeja.gov.co\/antigua-ese-2022\/wp-json\/wp\/v2\/comments?post=4449"}],"version-history":[{"count":1,"href":"https:\/\/esebarrancabermeja.gov.co\/antigua-ese-2022\/wp-json\/wp\/v2\/pages\/4449\/revisions"}],"predecessor-version":[{"id":4450,"href":"https:\/\/esebarrancabermeja.gov.co\/antigua-ese-2022\/wp-json\/wp\/v2\/pages\/4449\/revisions\/4450"}],"wp:attachment":[{"href":"https:\/\/esebarrancabermeja.gov.co\/antigua-ese-2022\/wp-json\/wp\/v2\/media?parent=4449"}],"wp:term":[{"taxonomy":"category","embeddable":true,"href":"https:\/\/esebarrancabermeja.gov.co\/antigua-ese-2022\/wp-json\/wp\/v2\/categories?post=4449"},{"taxonomy":"post_tag","embeddable":true,"href":"https:\/\/esebarrancabermeja.gov.co\/antigua-ese-2022\/wp-json\/wp\/v2\/tags?post=4449"}],"curies":[{"name":"wp","href":"https:\/\/api.w.org\/{rel}","templated":true}]}}