{"id":4585,"date":"2018-08-03T19:41:47","date_gmt":"2018-08-03T19:41:47","guid":{"rendered":"http:\/\/esebarrancabermeja.gov.co\/?page_id=4585"},"modified":"2023-03-23T18:02:02","modified_gmt":"2023-03-23T23:02:02","slug":"resoluciones","status":"publish","type":"page","link":"https:\/\/esebarrancabermeja.gov.co\/antigua-ese-2022\/resoluciones\/","title":{"rendered":"RESOLUCIONES"},"content":{"rendered":"<ul>\n<li><a href=\"http:\/\/esebarrancabermeja.gov.co\/wp-content\/uploads\/2023\/03\/resolucion-104-de-2023-.pdf\" target=\"_blank\" rel=\"noopener\">Resoluci\u00f3n No.104-Marzo de 2023:Declarar Administrativamente\u00a0 el 11 de Marzo de 2023 D\u00eda H\u00e1bil Para Efectos Contractuales<\/a><\/li>\n<li><a href=\"http:\/\/esebarrancabermeja.gov.co\/wp-content\/uploads\/2023\/02\/RESOLUCION-044-DE-2023-MODIFICACION-DE-HORARIO-1.pdf\" target=\"_blank\" rel=\"noopener\">Resoluci\u00f3n No.044-Febrero de 2023:Modificaci\u00f3n Transitoria Jornada Laboral<\/a><\/li>\n<li><a href=\"http:\/\/esebarrancabermeja.gov.co\/wp-content\/uploads\/2023\/01\/RESOLUCION-N\u00b0-293-DE-2022-PAA-2023-1.pdf\" target=\"_blank\" rel=\"noopener\">Resoluci\u00f3n 293 de 2023 Plan Anual de Adquisiciones Vigencia 2023<\/a><\/li>\n<li><a href=\"http:\/\/esebarrancabermeja.gov.co\/wp-content\/uploads\/2023\/03\/RESOLUCION-359-DE-DIC-22-DE-2022-LIQUIDACION-PTO-2023.pdf\" target=\"_blank\" rel=\"noopener\">Resoluci\u00f3n 359 de 2022 Presupuesto Vigencia 2023<\/a><\/li>\n<li><a href=\"http:\/\/esebarrancabermeja.gov.co\/wp-content\/uploads\/2023\/01\/RESOLUCION-N\u00b0-271-DE-2022.pdf\" target=\"_blank\" rel=\"noopener\">Resoluci\u00f3n No. 271 de Septiembre 27 de 2022 &#8211; :Por medio de la cual se adopta la pol\u00edtica de Administraci\u00f3n del Riesgo<\/a><\/li>\n<li><a href=\"http:\/\/esebarrancabermeja.gov.co\/wp-content\/uploads\/2022\/07\/RESOLUCION-209-DE-2022.pdf\" target=\"_blank\" rel=\"noopener\">Resoluci\u00f3n No. 209 de Julio 26 de 2022 &#8211; Modifica Resoluci\u00f3n 340-Octubre 18 de 2017:Por medio de la cual se establece el Comit\u00e9 Institucional Gesti\u00f3n y Desempe\u00f1o<\/a><\/li>\n<li><a href=\"http:\/\/esebarrancabermeja.gov.co\/wp-content\/uploads\/2022\/05\/MODIFICACION-PLAN-DE-COMPRA-ANO-202220220510_09053989-1.pdf\" target=\"_blank\" rel=\"noopener\">Resoluci\u00f3n 132 de 2022 Modificaci\u00f3n Plan Anual de Adquisiciones<\/a><\/li>\n<li><a href=\"http:\/\/esebarrancabermeja.gov.co\/wp-content\/uploads\/2022\/01\/RESOLUCION-N\u00b0-025-2022-MIEMBRO-JUNTA-DIRECTIVA-ESEB.pdf\" target=\"_blank\" rel=\"noopener\">Resoluci\u00f3n No.025-Enero de 2022: Convoca elecciones miembro junta directiva sector cientifico<\/a><\/li>\n<li><a href=\"http:\/\/esebarrancabermeja.gov.co\/wp-content\/uploads\/2022\/01\/RESOLUCION-009-DE-2022.pdf\" target=\"_blank\" rel=\"noopener\">Resoluci\u00f3n No.009-Enero de 2022:Definici\u00f3n tarifas venta de servicios a\u00f1o2022<\/a><\/li>\n<li><a href=\"http:\/\/esebarrancabermeja.gov.co\/wp-content\/uploads\/2022\/01\/Resolucion-N\u00b0367-Presupuesto-2022.pdf\" target=\"_blank\" rel=\"noopener\">Resoluci\u00f3n 367 de 2021 Presupuesto Vigencia 2022<\/a><\/li>\n<li><a href=\"http:\/\/esebarrancabermeja.gov.co\/wp-content\/uploads\/2021\/12\/modificacion-plan-de-compras-2021.pdf\" target=\"_blank\" rel=\"noopener\">Resoluci\u00f3n 314 de 2021 Modificaci\u00f3n Plan Anual de Adquisiciones<\/a><\/li>\n<li><a href=\"http:\/\/esebarrancabermeja.gov.co\/wp-content\/uploads\/2021\/10\/RESOLUCION-248-2021.pdf\" target=\"_blank\" rel=\"noopener\">Resoluci\u00f3n 248 de 2021 Modificaci\u00f3n Plan Anual de Adquisiciones<\/a><\/li>\n<li><a href=\"http:\/\/esebarrancabermeja.gov.co\/wp-content\/uploads\/2022\/09\/RESOLUCION-CHE-Y-SEGURIDAD-VIAL-ESE.pdf\" target=\"_blank\" rel=\"noopener\">Resoluci\u00f3n No. 212 de Julio 29 de 2021 &#8211; Crea comit\u00e9 Hospitalario de Emergencias<\/a><\/li>\n<li><a href=\"http:\/\/esebarrancabermeja.gov.co\/wp-content\/uploads\/2021\/04\/CONVOCATORIA-PUBLICA-JUNTA-2021.pdf\" target=\"_blank\" rel=\"noopener\">Convocatoria para elecciones Miembro de la Junta Directiva Empleados Area Administrativa<\/a><\/li>\n<li><a href=\"http:\/\/esebarrancabermeja.gov.co\/wp-content\/uploads\/2021\/04\/resolucion-convocatoria.pdf\" target=\"_blank\" rel=\"noopener\">Resoluci\u00f3n No.128-Abril de 2021:Por medio de la cual se convoca para elecciones Miembro de la Junta Directiva Empleados Area Administrativa<\/a><\/li>\n<li><a href=\"http:\/\/esebarrancabermeja.gov.co\/wp-content\/uploads\/2021\/03\/RESOLUCION-084-DEL-08-03-2021-1.pdf\" target=\"_blank\" rel=\"noopener\">Resoluci\u00f3n No.084-Marzo de 2021:Modificaci\u00f3n Transitoria Jornada Laboral<\/a><\/li>\n<li><a href=\"http:\/\/esebarrancabermeja.gov.co\/wp-content\/uploads\/2022\/09\/RESOLUCION-GAGAS.pdf\" target=\"_blank\" rel=\"noopener\">Resoluci\u00f3n No. 032 de Febrero 03 de 2021 &#8211; Actualiza y reglamenta Comit\u00e9 Grupo Administrativo Gesti\u00f3n Ambiental y Sanitaria<\/a><\/li>\n<li><a href=\"http:\/\/esebarrancabermeja.gov.co\/wp-content\/uploads\/2021\/01\/resolucion-010-de-2021.pdf\" target=\"_blank\" rel=\"noopener\">Resoluci\u00f3n No.010-Enero de 2021:Definici\u00f3n tarifas venta de servicios a\u00f1o2021<\/a><\/li>\n<li><a href=\"http:\/\/esebarrancabermeja.gov.co\/wp-content\/uploads\/2021\/01\/EQUIPO-MULTIDISCIPLINARIO-.pdf-1.pdf\" target=\"_blank\" rel=\"noopener\">Resoluci\u00f3n No.302-Diciembre de 2020:Conformaci\u00f3n Equipo multidisciplinario en salud<\/a><\/li>\n<li><a href=\"http:\/\/esebarrancabermeja.gov.co\/wp-content\/uploads\/2021\/01\/Resolucion-No.-282-del-2020-con-soporte.pdf\" target=\"_blank\" rel=\"noopener\">Resoluci\u00f3n No.282-Noviembre de 2020:Adopta disposiciones de la Secretaria de Salud Departamental<\/a><\/li>\n<li><a href=\"http:\/\/esebarrancabermeja.gov.co\/wp-content\/uploads\/2021\/01\/RESOLUCION-281-DE-NOVIEMBRE-18-DE-2020.pdf\" target=\"_blank\" rel=\"noopener\">Resoluci\u00f3n No.281-Noviembre de 2020:Modificaci\u00f3n Transitoria Horario Laboral<\/a><\/li>\n<li><a href=\"http:\/\/esebarrancabermeja.gov.co\/wp-content\/uploads\/2021\/01\/RESOLUCION-142-DE-2020.pdf\" target=\"_blank\" rel=\"noopener\">Resoluci\u00f3n No.142-Abril de 2020:Establece tarifas servicios emergencia Covid-19<\/a><\/li>\n<li><a href=\"http:\/\/esebarrancabermeja.gov.co\/wp-content\/uploads\/2021\/01\/Resolucion-cambio-de-horario-1.pdf\" target=\"_blank\" rel=\"noopener\">Resoluci\u00f3n No.125-Marzo de 2020:Modificaci\u00f3n Transitoria Horario Laboral<\/a><\/li>\n<li><a href=\"http:\/\/esebarrancabermeja.gov.co\/wp-content\/uploads\/2021\/01\/RESOLUCION-052-DE-2020-1.pdfhttp:\/\/esebarrancabermeja.gov.co\/wp-content\/uploads\/2019\/10\/RESOLUCION-336.pdf\" target=\"_blank\" rel=\"noopener\">Resoluci\u00f3n No.052-Febrero de 2020:Modifica Resoluci\u00f3n 229 de 2018<\/a><\/li>\n<li><a href=\"http:\/\/esebarrancabermeja.gov.co\/wp-content\/uploads\/2019\/10\/RESOLUCION-336.pdf\" target=\"_blank\" rel=\"noopener\">Resoluci\u00f3n No.336-Octubre de 2019:Por medio de la cual se convoca para elecciones Miembro de la Junta Directiva Empleados Area Administrativa<\/a><\/li>\n<li><a href=\"http:\/\/esebarrancabermeja.gov.co\/wp-content\/uploads\/2019\/05\/RESOLUCION-PLAN-ANUAL-DE-VACANTES-Y-PROVISION-2019.pdf\" target=\"_blank\" rel=\"noopener\">Resoluci\u00f3n No.143-Abril 25 de 2019 : Plan Anual de Vacantes y Plan de Previsi\u00f3n de Recursos Humanos vigencia 2019\u00a0<\/a><\/li>\n<li><a href=\"http:\/\/esebarrancabermeja.gov.co\/wp-content\/uploads\/2019\/04\/resolucion-132.pdf\" target=\"_blank\" rel=\"noopener\">Resoluci\u00f3n No.132-Abril 10 de 2019 : Se declara el d\u00eda 17 de Abril\u00a0 de 2019 como d\u00eda no h\u00e1bil:<\/a><\/li>\n<li><a href=\"http:\/\/esebarrancabermeja.gov.co\/wp-content\/uploads\/2018\/11\/RESOLUCI\u00d3N-287-DE-2018.pdf\" target=\"_blank\" rel=\"noopener\">Resoluci\u00f3n No.287-Noviembre 13 de 2018:Comit\u00e9 Institucional de Coordinaci\u00f3n de Control Interno de la ESE Barrancabermeja<\/a><\/li>\n<li><a href=\"http:\/\/esebarrancabermeja.gov.co\/wp-content\/uploads\/2018\/11\/resolucion-125.pdf\" target=\"_blank\" rel=\"noopener\">Resoluci\u00f3n No.125-Mayo 08 de 2018:Por medio de la cual se establece el esquema de publicaciones en la p\u00e1gina Web de la Ese Barrancabermeja<\/a><\/li>\n<li><a href=\"http:\/\/esebarrancabermeja.gov.co\/wp-content\/uploads\/2019\/03\/Resolucion-340-1.pdf\" target=\"_blank\" rel=\"noopener\">Resoluci\u00f3n No.340-Octubre 18 de 2017:Por medio de la cual se establece el Comit\u00e9 Institucional Gesti\u00f3n y Desempe\u00f1o<\/a><\/li>\n<li><a href=\"http:\/\/esebarrancabermeja.gov.co\/images\/stories\/esebarrancabermeja\/pagina\/res_549_14_dic.pdf\" target=\"_blank\" rel=\"noopener\">Resoluci\u00f3n No.549-Diciembre 14 de 2015:Por medio de la cual se convoca para elecciones Miembro de la Junta Directiva<\/a><\/li>\n<li><a href=\"http:\/\/esebarrancabermeja.gov.co\/images\/stories\/esebarrancabermeja\/pagina\/resolucion426.pdf\" target=\"_blank\" rel=\"noopener\">Resoluci\u00f3n No.426-Octubre 29 de 2014:Por la cu\u00e1l se modifica transitoriamente el horario de trabajo a los Funcionarios P\u00fablicos de la Sede Administrativa.<\/a><\/li>\n<li><\/li>\n<li><a href=\"http:\/\/esebarrancabermeja.gov.co\/wp-content\/uploads\/2021\/12\/resolucion-modificacion-364.pdf\" target=\"_blank\" rel=\"noopener\">Resoluci\u00f3n 364 de 2021 Modificaci\u00f3n Plan Anual de Adquisiciones<\/a><\/li>\n<li><a href=\"http:\/\/esebarrancabermeja.gov.co\/wp-content\/uploads\/2021\/12\/modificacion-plan-de-compras-2021.pdf\" target=\"_blank\" rel=\"noopener\">Resoluci\u00f3n 314 de 2021 Modificaci\u00f3n Plan Anual de Adquisiciones<\/a><\/li>\n<li><a href=\"http:\/\/esebarrancabermeja.gov.co\/wp-content\/uploads\/2021\/10\/RESOLUCION-248-2021.pdf\" target=\"_blank\" rel=\"noopener\">Resoluci\u00f3n 248 de 2021 Modificaci\u00f3n Plan Anual de Adquisiciones<\/a><\/li>\n<li><a href=\"http:\/\/esebarrancabermeja.gov.co\/wp-content\/uploads\/2021\/04\/CONVOCATORIA-PUBLICA-JUNTA-2021.pdf\" target=\"_blank\" rel=\"noopener\">Convocatoria para elecciones Miembro de la Junta Directiva Empleados Area Administrativa<\/a><\/li>\n<li><a href=\"http:\/\/esebarrancabermeja.gov.co\/wp-content\/uploads\/2021\/04\/resolucion-convocatoria.pdf\" target=\"_blank\" rel=\"noopener\">Resoluci\u00f3n No.128-Abril de 2021:Por medio de la cual se convoca para elecciones Miembro de la Junta Directiva Empleados Area Administrativa<\/a><\/li>\n<li><a href=\"http:\/\/esebarrancabermeja.gov.co\/wp-content\/uploads\/2021\/03\/RESOLUCION-084-DEL-08-03-2021-1.pdf\" target=\"_blank\" rel=\"noopener\">Resoluci\u00f3n No.084-Marzo de 2021:Modificaci\u00f3n Transitoria Jornada Laboral<\/a><\/li>\n<li><a href=\"http:\/\/esebarrancabermeja.gov.co\/wp-content\/uploads\/2021\/01\/resolucion-010-de-2021.pdf\" target=\"_blank\" rel=\"noopener\">Resoluci\u00f3n No.010-Enero de 2021:Definici\u00f3n tarifas venta de servicios a\u00f1o2021<\/a><\/li>\n<li><a href=\"http:\/\/esebarrancabermeja.gov.co\/wp-content\/uploads\/2021\/01\/EQUIPO-MULTIDISCIPLINARIO-.pdf-1.pdf\" target=\"_blank\" rel=\"noopener\">Resoluci\u00f3n No.302-Diciembre de 2020:Conformaci\u00f3n Equipo multidisciplinario en salud<\/a><\/li>\n<li><a href=\"http:\/\/esebarrancabermeja.gov.co\/wp-content\/uploads\/2021\/01\/Resolucion-No.-282-del-2020-con-soporte.pdf\" target=\"_blank\" rel=\"noopener\">Resoluci\u00f3n No.282-Noviembre de 2020:Adopta disposiciones de la Secretaria de Salud Departamental<\/a><\/li>\n<li><a href=\"http:\/\/esebarrancabermeja.gov.co\/wp-content\/uploads\/2021\/01\/RESOLUCION-281-DE-NOVIEMBRE-18-DE-2020.pdf\" target=\"_blank\" rel=\"noopener\">Resoluci\u00f3n No.281-Noviembre de 2020:Modificaci\u00f3n Transitoria Horario Laboral<\/a><\/li>\n<li><a href=\"http:\/\/esebarrancabermeja.gov.co\/wp-content\/uploads\/2021\/01\/RESOLUCION-142-DE-2020.pdf\" target=\"_blank\" rel=\"noopener\">Resoluci\u00f3n No.142-Abril de 2020:Establece tarifas servicios emergencia Covid-19<\/a><\/li>\n<li><a href=\"http:\/\/esebarrancabermeja.gov.co\/wp-content\/uploads\/2021\/01\/Resolucion-cambio-de-horario-1.pdf\" target=\"_blank\" rel=\"noopener\">Resoluci\u00f3n No.125-Marzo de 2020:Modificaci\u00f3n Transitoria Horario Laboral<\/a><\/li>\n<li><a href=\"http:\/\/esebarrancabermeja.gov.co\/wp-content\/uploads\/2021\/01\/RESOLUCION-052-DE-2020-1.pdfhttp:\/\/esebarrancabermeja.gov.co\/wp-content\/uploads\/2019\/10\/RESOLUCION-336.pdf\" target=\"_blank\" rel=\"noopener\">Resoluci\u00f3n No.052-Febrero de 2020:Modifica Resoluci\u00f3n 229 de 2018<\/a><\/li>\n<li><a href=\"http:\/\/esebarrancabermeja.gov.co\/wp-content\/uploads\/2019\/10\/RESOLUCION-336.pdf\" target=\"_blank\" rel=\"noopener\">Resoluci\u00f3n No.336-Octubre de 2019:Por medio de la cual se convoca para elecciones Miembro de la Junta Directiva Empleados Area Administrativa<\/a><\/li>\n<li><a href=\"http:\/\/esebarrancabermeja.gov.co\/wp-content\/uploads\/2019\/05\/RESOLUCION-PLAN-ANUAL-DE-VACANTES-Y-PROVISION-2019.pdf\" target=\"_blank\" rel=\"noopener\">Resoluci\u00f3n No.143-Abril 25 de 2019 : Plan Anual de Vacantes y Plan de Previsi\u00f3n de Recursos Humanos vigencia 2019\u00a0<\/a><\/li>\n<li><a href=\"http:\/\/esebarrancabermeja.gov.co\/wp-content\/uploads\/2019\/04\/resolucion-132.pdf\" target=\"_blank\" rel=\"noopener\">Resoluci\u00f3n No.132-Abril 10 de 2019 : Se declara el d\u00eda 17 de Abril\u00a0 de 2019 como d\u00eda no h\u00e1bil:<\/a><\/li>\n<li><a href=\"http:\/\/esebarrancabermeja.gov.co\/wp-content\/uploads\/2018\/11\/RESOLUCI\u00d3N-287-DE-2018.pdf\" target=\"_blank\" rel=\"noopener\">Resoluci\u00f3n No.287-Noviembre 13 de 2018:Comit\u00e9 Institucional de Coordinaci\u00f3n de Control Interno de la ESE Barrancabermeja<\/a><\/li>\n<li><a href=\"http:\/\/esebarrancabermeja.gov.co\/wp-content\/uploads\/2018\/11\/resolucion-125.pdf\" target=\"_blank\" rel=\"noopener\">Resoluci\u00f3n No.125-Mayo 08 de 2018:Por medio de la cual se establece el esquema de publicaciones en la p\u00e1gina Web de la Ese Barrancabermeja<\/a><\/li>\n<li><a href=\"http:\/\/esebarrancabermeja.gov.co\/wp-content\/uploads\/2019\/03\/Resolucion-340-1.pdf\" target=\"_blank\" rel=\"noopener\">Resoluci\u00f3n No.340-Octubre 18 de 2017:Por medio de la cual se establece el Comit\u00e9 Institucional Gesti\u00f3n y Desempe\u00f1o<\/a><\/li>\n<li><a href=\"http:\/\/esebarrancabermeja.gov.co\/images\/stories\/esebarrancabermeja\/pagina\/res_549_14_dic.pdf\" target=\"_blank\" rel=\"noopener\">Resoluci\u00f3n No.549-Diciembre 14 de 2015:Por medio de la cual se convoca para elecciones Miembro de la Junta Directiva<\/a><\/li>\n<li><a href=\"http:\/\/esebarrancabermeja.gov.co\/images\/stories\/esebarrancabermeja\/pagina\/resolucion426.pdf\" target=\"_blank\" rel=\"noopener\">Resoluci\u00f3n No.426-Octubre 29 de 2014:Por la cu\u00e1l se modifica transitoriamente el horario de trabajo a los Funcionarios P\u00fablicos de la Sede Administrativa.<\/a><\/li>\n<\/ul>\n","protected":false},"excerpt":{"rendered":"<p>Resoluci\u00f3n No.104-Marzo de 2023:Declarar Administrativamente\u00a0 el 11 de Marzo de 2023 D\u00eda H\u00e1bil Para Efectos Contractuales Resoluci\u00f3n No.044-Febrero de 2023:Modificaci\u00f3n Transitoria Jornada Laboral Resoluci\u00f3n 293 de 2023 Plan Anual de Adquisiciones Vigencia 2023 Resoluci\u00f3n 359 de 2022 Presupuesto Vigencia 2023 Resoluci\u00f3n No. 271 de Septiembre 27 de 2022 &#8211; :Por medio de la cual se<\/p>\n","protected":false},"author":1,"featured_media":0,"parent":0,"menu_order":0,"comment_status":"closed","ping_status":"closed","template":"","meta":{"_bbp_topic_count":0,"_bbp_reply_count":0,"_bbp_total_topic_count":0,"_bbp_total_reply_count":0,"_bbp_voice_count":0,"_bbp_anonymous_reply_count":0,"_bbp_topic_count_hidden":0,"_bbp_reply_count_hidden":0,"_bbp_forum_subforum_count":0},"categories":[],"tags":[],"_links":{"self":[{"href":"https:\/\/esebarrancabermeja.gov.co\/antigua-ese-2022\/wp-json\/wp\/v2\/pages\/4585"}],"collection":[{"href":"https:\/\/esebarrancabermeja.gov.co\/antigua-ese-2022\/wp-json\/wp\/v2\/pages"}],"about":[{"href":"https:\/\/esebarrancabermeja.gov.co\/antigua-ese-2022\/wp-json\/wp\/v2\/types\/page"}],"author":[{"embeddable":true,"href":"https:\/\/esebarrancabermeja.gov.co\/antigua-ese-2022\/wp-json\/wp\/v2\/users\/1"}],"replies":[{"embeddable":true,"href":"https:\/\/esebarrancabermeja.gov.co\/antigua-ese-2022\/wp-json\/wp\/v2\/comments?post=4585"}],"version-history":[{"count":5,"href":"https:\/\/esebarrancabermeja.gov.co\/antigua-ese-2022\/wp-json\/wp\/v2\/pages\/4585\/revisions"}],"predecessor-version":[{"id":9981,"href":"https:\/\/esebarrancabermeja.gov.co\/antigua-ese-2022\/wp-json\/wp\/v2\/pages\/4585\/revisions\/9981"}],"wp:attachment":[{"href":"https:\/\/esebarrancabermeja.gov.co\/antigua-ese-2022\/wp-json\/wp\/v2\/media?parent=4585"}],"wp:term":[{"taxonomy":"category","embeddable":true,"href":"https:\/\/esebarrancabermeja.gov.co\/antigua-ese-2022\/wp-json\/wp\/v2\/categories?post=4585"},{"taxonomy":"post_tag","embeddable":true,"href":"https:\/\/esebarrancabermeja.gov.co\/antigua-ese-2022\/wp-json\/wp\/v2\/tags?post=4585"}],"curies":[{"name":"wp","href":"https:\/\/api.w.org\/{rel}","templated":true}]}}