{"id":4590,"date":"2018-08-03T19:48:04","date_gmt":"2018-08-03T19:48:04","guid":{"rendered":"http:\/\/esebarrancabermeja.gov.co\/?page_id=4590"},"modified":"2023-06-23T12:31:00","modified_gmt":"2023-06-23T17:31:00","slug":"resultados-convocatorias","status":"publish","type":"page","link":"https:\/\/esebarrancabermeja.gov.co\/antigua-ese-2022\/resultados-convocatorias\/","title":{"rendered":"RESULTADOS CONVOCATORIAS"},"content":{"rendered":"<p>\u00a0<\/p>\n<ul>\n<li><a href=\"http:\/\/esebarrancabermeja.gov.co\/wp-content\/uploads\/2023\/06\/RESULTADOS-CONVOCATORIA-PUBLICA-MEDICO.pdf\">Resultado Convocatoria M\u00e9dico<\/a><\/li>\n<li><a href=\"http:\/\/esebarrancabermeja.gov.co\/wp-content\/uploads\/2023\/06\/RESULTADOS-CONVOCATORIA-PUBLICA-ENFERMERA.pdf\">Resultado Convocatoria Enfermera<\/a><\/li>\n<li><a href=\"http:\/\/esebarrancabermeja.gov.co\/wp-content\/uploads\/2023\/03\/RESULTADOS-CONVOCATORIA-PUBLICA-PYP.pdf\">Resultado Convocatoria Coordinaci\u00f3n PYP<\/a><\/li>\n<li><a href=\"http:\/\/esebarrancabermeja.gov.co\/wp-content\/uploads\/2020\/02\/RESULTADOS-FINALES-DE-LA-CONVOCATORIA-DEL-CARGO-DE-MEDICO.pdf\">Resultado Convocatoria M\u00e9dico General<\/a><\/li>\n<li><a href=\"http:\/\/esebarrancabermeja.gov.co\/wp-content\/uploads\/2018\/08\/re_costos.pdf\" target=\"_blank\" rel=\"noopener\">Resultados Convocatorias\u00a0<\/a><\/li>\n<li><a href=\"http:\/\/esebarrancabermeja.gov.co\/wp-content\/uploads\/2021\/03\/RESOLUCI\u00d3N-DECLARATORIA-DESIERTA-IP-003-2021.pdf\" target=\"_blank\" rel=\"noopener\">Resultados\u00a0 IP-003-2021\u00a0<\/a><\/li>\n<li><a href=\"http:\/\/esebarrancabermeja.gov.co\/wp-content\/uploads\/2021\/03\/Acta-de-Cierre-1.pdf\" target=\"_blank\" rel=\"noopener\">Acta de Cierre IP-003-2021\u00a0<\/a><\/li>\n<li><a href=\"http:\/\/esebarrancabermeja.gov.co\/wp-content\/uploads\/2021\/03\/RESOLUCI\u00d3N-DECLARATORIA-DESIERTA-IP-002-2021.pdf\" target=\"_blank\" rel=\"noopener\">Resultados\u00a0 IP-002-2021\u00a0<\/a><\/li>\n<li><a href=\"http:\/\/esebarrancabermeja.gov.co\/wp-content\/uploads\/2021\/03\/Acta-de-Cierre.pdf\" target=\"_blank\" rel=\"noopener\">Acta de cierre IP-002-2021<\/a><\/li>\n<\/ul>\n\n\n<p><\/p>\n","protected":false},"excerpt":{"rendered":"<p>\u00a0 Resultado Convocatoria M\u00e9dico Resultado Convocatoria Enfermera Resultado Convocatoria Coordinaci\u00f3n PYP Resultado Convocatoria M\u00e9dico General Resultados Convocatorias\u00a0 Resultados\u00a0 IP-003-2021\u00a0 Acta de Cierre IP-003-2021\u00a0 Resultados\u00a0 IP-002-2021\u00a0 Acta de cierre IP-002-2021<\/p>\n","protected":false},"author":1,"featured_media":0,"parent":0,"menu_order":0,"comment_status":"closed","ping_status":"closed","template":"","meta":{"_bbp_topic_count":0,"_bbp_reply_count":0,"_bbp_total_topic_count":0,"_bbp_total_reply_count":0,"_bbp_voice_count":0,"_bbp_anonymous_reply_count":0,"_bbp_topic_count_hidden":0,"_bbp_reply_count_hidden":0,"_bbp_forum_subforum_count":0},"categories":[],"tags":[],"_links":{"self":[{"href":"https:\/\/esebarrancabermeja.gov.co\/antigua-ese-2022\/wp-json\/wp\/v2\/pages\/4590"}],"collection":[{"href":"https:\/\/esebarrancabermeja.gov.co\/antigua-ese-2022\/wp-json\/wp\/v2\/pages"}],"about":[{"href":"https:\/\/esebarrancabermeja.gov.co\/antigua-ese-2022\/wp-json\/wp\/v2\/types\/page"}],"author":[{"embeddable":true,"href":"https:\/\/esebarrancabermeja.gov.co\/antigua-ese-2022\/wp-json\/wp\/v2\/users\/1"}],"replies":[{"embeddable":true,"href":"https:\/\/esebarrancabermeja.gov.co\/antigua-ese-2022\/wp-json\/wp\/v2\/comments?post=4590"}],"version-history":[{"count":5,"href":"https:\/\/esebarrancabermeja.gov.co\/antigua-ese-2022\/wp-json\/wp\/v2\/pages\/4590\/revisions"}],"predecessor-version":[{"id":10276,"href":"https:\/\/esebarrancabermeja.gov.co\/antigua-ese-2022\/wp-json\/wp\/v2\/pages\/4590\/revisions\/10276"}],"wp:attachment":[{"href":"https:\/\/esebarrancabermeja.gov.co\/antigua-ese-2022\/wp-json\/wp\/v2\/media?parent=4590"}],"wp:term":[{"taxonomy":"category","embeddable":true,"href":"https:\/\/esebarrancabermeja.gov.co\/antigua-ese-2022\/wp-json\/wp\/v2\/categories?post=4590"},{"taxonomy":"post_tag","embeddable":true,"href":"https:\/\/esebarrancabermeja.gov.co\/antigua-ese-2022\/wp-json\/wp\/v2\/tags?post=4590"}],"curies":[{"name":"wp","href":"https:\/\/api.w.org\/{rel}","templated":true}]}}