{"id":5256,"date":"2019-01-31T07:57:06","date_gmt":"2019-01-31T12:57:06","guid":{"rendered":"http:\/\/esebarrancabermeja.gov.co\/?page_id=5256"},"modified":"2023-05-24T09:25:03","modified_gmt":"2023-05-24T14:25:03","slug":"aso-de-usuarios","status":"publish","type":"page","link":"https:\/\/esebarrancabermeja.gov.co\/antigua-ese-2022\/aso-de-usuarios\/","title":{"rendered":"ASOCIACI\u00d3N DE USUARIOS ESEB"},"content":{"rendered":"<p style=\"text-align: justify;\"><strong>ASOCIACI\u00d3N DE USUARIOS <\/strong><\/p>\n<p style=\"text-align: justify;\">La ASOCIACI\u00d3N DE USUARIOS de la ESE Barrancabermeja es un \u00a0mecanismo de participaci\u00f3n social que garantiza la voz del usuario en toda la prestaci\u00f3n del servicio que se brinda en la instituci\u00f3n.<\/p>\n<p style=\"text-align: justify;\"><strong>Qu\u00e9 son las asociaciones de usuarios en salud?<\/strong><\/p>\n<p style=\"text-align: justify;\">Seg\u00fan lo establecido por el Decreto 1757 de 1994 la alianza o asociaci\u00f3n de usuarios es una agrupaci\u00f3n de afiliados del r\u00e9gimen contributivo y subsidiado del Sistema General de Seguridad Social en Salud, que tienen derecho a utilizar los servicios de salud de acuerdo con su sistema de afiliaci\u00f3n, que velar\u00e1n por la calidad del servicio y defensa del usuario.<\/p>\n<p style=\"text-align: justify;\"><strong>Creaci\u00f3n<\/strong><\/p>\n<p style=\"text-align: justify;\">Las asociaciones de usuarios se deben crear en:<\/p>\n<ul style=\"text-align: justify;\">\n<li>En empresas Sociales del Estado-ESE<\/li>\n<li>Instituciones Prestadoras de Salud \u201cIPS\u201d<\/li>\n<li>Empresas Promotoras de Salud del r\u00e9gimen contributivo \u201cEPS-C\u201d<\/li>\n<li>Empresas Promotoras de Salud del r\u00e9gimen subsidiado EPS-S.<\/li>\n<\/ul>\n<p style=\"text-align: justify;\"><strong>Organizaci\u00f3n<\/strong><\/p>\n<p style=\"text-align: justify;\">A trav\u00e9s de una convocatoria a asamblea general que realizan las instituciones de salud, sean p\u00fablicas, privadas o mixtas, a todos los usuarios que hayan hecho uso del servicio durante el \u00faltimo a\u00f1o, para su respectiva constituci\u00f3n. Las asociaciones se constituir\u00e1n con un n\u00famero plural de usuarios y podr\u00e1n obtener reconocimientos en las notar\u00edas o c\u00e1maras de comercio.<\/p>\n<p style=\"text-align: justify;\">La asociaci\u00f3n ser\u00e1 de car\u00e1cter abierto para garantizar permanentemente el ingreso de nuevos usuarios. Adem\u00e1s debe elaborar su propio reglamento de funcionamiento, en donde debe prever la organizaci\u00f3n interna como miembros directivos y comit\u00e9s de trabajo de acuerdo a las necesidades y temas a tratar.<\/p>\n<p style=\"text-align: justify;\"><strong>Funciones<\/strong><\/p>\n<ul style=\"text-align: justify;\">\n<li>Asesorar a sus asociados en la libre elecci\u00f3n de la EPS.<\/li>\n<li>Asesorar a sus asociados en la identificaci\u00f3n y acceso de paquete de servicios.<\/li>\n<li>Participar en la Juntas Directivas de las instituciones prestadoras de salud para proponer y concertar las medidas necesarias para mantener y mejorar la calidad de los servicios y atenci\u00f3n al usuario.<\/li>\n<li>Mantener canales de comunicaci\u00f3n con los afiliados que les permita conocer sus inquietudes y demandas para hacer propuestas ante las juntas directivas de la instituci\u00f3n prestadora de servicios de salud y la EPS.<\/li>\n<li>Vigilar las decisiones que se tomen en las juntas directivas para que se apliquen seg\u00fan lo acordado.<\/li>\n<li>Informar a las instancias que corresponda, si la calidad del servicio prestado no satisface la necesidad de los afiliados.<\/li>\n<li>Proponer a las juntas directivas de los organismos o entidades en salud, los d\u00edas y horarios de atenci\u00f3n al p\u00fablico de acuerdo con las necesidades de la comunidad, seg\u00fan las normas de administraci\u00f3n de personal del respectivo organismo.<\/li>\n<li>Vigilar que las tarifas correspondan a las condiciones socioecon\u00f3micas de los distintos grupos de la comunidad y que se apliquen de acuerdo a lo establecido.<\/li>\n<li>Atender las quejas que los usuarios presenten sobre las deficiencias de los servicios y vigilar que se tomen los correctivos del caso.<\/li>\n<li>Proponer las medidas que mejoren la oportunidad y calidad t\u00e9cnica y humana de los servicios de salud y preserven el menor costo.<\/li>\n<\/ul>\n<p style=\"text-align: justify;\"><strong>Representantes<\/strong><\/p>\n<p style=\"text-align: justify;\">Las alianzas y asociaciones de usuarios elegir\u00e1n sus representantes en asamblea general para per\u00edodos de dos a\u00f1os. Las instancias de participaci\u00f3n podr\u00edan ser:<\/p>\n<ul style=\"text-align: justify;\">\n<li>Un representante ante la junta directiva de la respectiva EPS o ESE p\u00fablica o mixta<\/li>\n<li>Un representante ante la junta directiva de la instituci\u00f3n prestadora de salud de car\u00e1cter hospitalario p\u00fablica o mixta.<\/li>\n<li>Un representante ante el comit\u00e9 de participaci\u00f3n comunitaria respectivo.<\/li>\n<li>Un representante ante el consejo territorial de seguridad social en salud.<\/li>\n<li>Dos representantes ante el comit\u00e9 de \u00e9tica hospitalaria de la respectiva instituci\u00f3n prestadora de servicios de salud, sea p\u00fablica o mixta.<\/li>\n<\/ul>\n<p style=\"text-align: justify;\">Para ser elegido en un cargo de representaci\u00f3n a nombre de la asociaci\u00f3n de usuarios la persona debe:<\/p>\n<ul style=\"text-align: justify;\">\n<li>Ser usuario de la entidad de salud a la cual se encuentra afiliado<\/li>\n<li>No estar incurso en inhabilidades establecidas por la ley.<\/li>\n<li>No ser empleado de la Entidad en Salud.<\/li>\n<li>Estar presente en el momento de la elecci\u00f3n.<\/li>\n<\/ul>\n<p style=\"text-align: justify;\">La ESE Barrancabermeja cuenta con la Asociaci\u00f3n de usuarios constituida desde el 30 de Enero del a\u00f1o 2004\u00a0 y las respectivas actas de renovaci\u00f3n de integrantes.<\/p>\n<p style=\"text-align: justify;\">Representantes activos de la Asociaci\u00f3n de usuarios de la ESE Barrancabermeja:<\/p>\n<ul>\n<li>Presidente de la Asociaci\u00f3n de usuarios ESE Barrancabermeja<\/li>\n<\/ul>\n<p>\u00a0 \u00a0 \u00a0 \u00a0 \u00a0CRISTIAN JAVIER DIAZ TOLEDO C.C. 91.527.701 &#8211; CORREO @:\u00a0 <a href=\"mailto:asociaciondeusuariosdelaseses@gmail.com\">asociaciondeusuariosdelaseses@gmail.com<\/a>\u00a0\u00a0 Y\u00a0 <a href=\"mailto:cristiandiazt03@gmail.com\">cristiandiazt03@gmail.com<\/a><\/p>\n<ul>\n<li>Vicepresidente de la Asociaci\u00f3n de Usuarios ESE Barrancabermeja<\/li>\n<\/ul>\n<p>\u00a0 \u00a0 \u00a0 \u00a0 \u00a0FELICITA BALLESTEROS\u00a0 C.C 28007.381\u00a0 \u00a0 \u00a0 &#8211;\u00a0 \u00a0CORREO @ : <a href=\"mailto:felicitaballesteros@gmail.com\">felicitaballesteros@gmail.com<\/a><\/p>\n<ul>\n<li>Secretaria de la Asociaci\u00f3n de usuarios ESE Barrancabermeja<\/li>\n<\/ul>\n<p>\u00a0 \u00a0 \u00a0 \u00a0 \u00a0NICOLAZA PEREZ AGUDELO\u00a0\u00a0 \u00a0C.C\u00a0 37.937.981 \u00a0\u00a0TEL. 3208114162 \u2013 3012103699\u00a0 \u00a0 &#8211;\u00a0 \u00a0CORREOS @:\u00a0 \u00a0 \u00a0 \u00a0 \u00a0 \u00a0 \u00a0 \u00a0 \u00a0 \u00a0 \u00a0 \u00a0 \u00a0 \u00a0 \u00a0 \u00a0 \u00a0 \u00a0 \u00a0 \u00a0 \u00a0 \u00a0 \u00a0 \u00a0 \u00a0 \u00a0 \u00a0 \u00a0 \u00a0 \u00a0<\/p>\n<p style=\"padding-left: 40px;\"><a href=\"mailto:asociaciondeusuariosdelaseses@gmail.com\">asociaciondeusuariosdelaseses@gmail.com<\/a>\u00a0\u00a0 y\u00a0<a href=\"mailto:nicolazaperezagudelo@gmail.com\">\u00a0nicolazaperezagudelo@gmail.com<\/a><\/p>\n<ul>\n<li>Tesorero de la Asociaci\u00f3n de Usuarios ESE Barrancabermeja<\/li>\n<\/ul>\n<p>\u00a0 \u00a0 \u00a0 \u00a0 \u00a0 ARMANDO VARGAS RINCON\u00a0 C.C 15.244.529 TEL\u00a0 3008879783\u00a0 &#8211;\u00a0 CORREO @:\u00a0 \u00a0 \u00a0 \u00a0<a href=\"mailto:red.veeduria_departamental@outlook.com\">red.veeduria_departamental@outlook.<\/a><\/p>\n<ul>\n<li>Fiscal de la Asociaci\u00f3n de Usuarios de la ESE Barrancabermeja<\/li>\n<\/ul>\n<p>\u00a0 \u00a0 \u00a0 \u00a0 \u00a0 ARMANDO BARROS C.C 5.588.811 TEL 3204634893<\/p>\n<ul>\n<li>Un representante ante el comit\u00e9 de participaci\u00f3n comunitaria respectivo COPACO<\/li>\n<\/ul>\n<p>\u00a0 \u00a0 \u00a0 \u00a0 \u00a0 MARIA DE LOS ANGELES MU\u00d1OZ ANGARITA C.C. 28.014.432<\/p>\n<ul>\n<li>Un representante ante el consejo territorial de seguridad social en salud<\/li>\n<\/ul>\n<p>\u00a0 \u00a0 \u00a0 \u00a0 \u00a0 ARMANDO BARROS C.C. 5.588.911<\/p>\n<ul>\n<li>Dos representantes ante el comit\u00e9 de \u00e9tica hospitalaria de la respectiva instituci\u00f3n prestadora de servicios de salud, sea p\u00fablica o mixta.<\/li>\n<\/ul>\n<p>\u00a0 \u00a0 \u00a0 \u00a0 \u00a0 ARMANDO VARGAS RINCON C.C 15.244.529\u00a0 \u00a0 \u00a0 \u00a0&#8211;\u00a0 \u00a0 FELICITA BALLESTEROS\u00a0 C.C 28.007.381<\/p>\n<ul>\n<li>Representante ante la junta directiva de la instituci\u00f3n<\/li>\n<\/ul>\n<p>\u00a0 \u00a0 \u00a0 \u00a0 CARLOS EDUARDO QUINTANA ROJAS<\/p>\n<p>\u00a0<\/p>\n<h3 style=\"text-align: center;\"><span style=\"font-size: 19px; color: #000080;\"><strong><a style=\"color: #000080;\" href=\"http:\/\/esebarrancabermeja.gov.co\/wp-content\/uploads\/2023\/03\/PROCESO-ELECCION-2023-2025-ESEB-1.pdf\">PROCEDIMIENTO ELECCI\u00d3N REPRESENTANTE ANTE JUNTA DIRECTIVA DE LA ESE BCABJA<\/a><\/strong><\/span><\/h3>\n<p style=\"text-align: center;\"><a href=\"http:\/\/esebarrancabermeja.gov.co\/wp-content\/uploads\/2023\/03\/foto-representante-de-los-usuarios-ante-junta-directiva-2023-2025-1.pdf\"><span style=\"text-decoration: underline;\"><span style=\"color: #333399; text-decoration: underline;\"><strong>VER FOTO REPRESENTANTE ANTE JUNTA DIRECTIVA ASOCIACI\u00d3N DE USUARIOS<\/strong><\/span><\/span><\/a><\/p>\n<p style=\"text-align: justify;\"><span style=\"color: #ff0000;\"><strong>LA ESE BARRANCABERMEJA INVITA A TODOS SUS USUARIOS A PARTICIPAR Y VINCULARSE \u00a0A LA ASOCIACI\u00d3N DE USUARIOS DE LA EMPRESA, SI USTED EST\u00c1 INTERESADO FAVOR COMUNICARSE A LOS TEL\u00c9FONOS: 6076007190\u2013 018000423690 O AL CORREO ELECTR\u00d3NICO <\/strong><a style=\"color: #ff0000;\" href=\"mailto:siau@esebarrancabermeja.gov.co\"><strong>siau@esebarrancabermeja.gov.co<\/strong><\/a><strong> O EN LA SEDE ADMINISTRATIVA EN LA OFICINA\u00a0 SIAU \u2013TRANSVERSAL 47A #57-29 DIAGONAL AL CENTRO DE SALUD DANUBIO. O PUEDE COMUNICARSE DIRECTAMENTE CON LA ASOCIACION DE USUARIOS CONFORMADA EN LA ESE BARRANCABERMEJA AL CORREO ELECTRONICO\u00a0 asociaciondeusuariosdelaseses@gmail.com.<\/strong><\/span><\/p>\n<p>\u00a0<\/p>\n<h4 style=\"text-align: right;\"><a href=\"https:\/\/forms.gle\/7dvarDLXhvAhtZ5W7\"><span style=\"text-decoration: underline;\"><span style=\"color: #333399; text-decoration: underline;\"><strong>IR FORMULARIO DE INSCRIPCI\u00d3N ASOCIACI\u00d3N<\/strong><\/span><\/span><\/a><\/h4>\n<p>\u00a0<\/p>\n<p style=\"text-align: center;\"><span style=\"color: #ff0000;\"><strong>\u00a0<\/strong><\/span><span style=\"color: #ff0000;\"><strong><em>MECANISMO DE PARTICIPACI\u00d3N SOCIAL<\/em><\/strong><\/span><\/p>\n<p><a href=\"http:\/\/esebarrancabermeja.gov.co\/wp-content\/uploads\/2022\/03\/ASOCIACION-DE-USUARIOS-DE-LA-ESE-BARRANCABERMEJA-2022-2.pdf\"><span style=\"text-decoration: underline;\"><span style=\"color: #333399; text-decoration: underline;\"><strong>VER MIEMBROS ASOCIACI\u00d3N DE USUARIOS<\/strong><\/span><\/span><\/a><\/p>\n<p><a href=\"http:\/\/esebarrancabermeja.gov.co\/wp-content\/uploads\/2023\/03\/ACTA-RENOVACION-ASOCIACION-DE-USUARIOS-ESEB-ENERO-2023-2.pdf\"><span style=\"text-decoration: underline;\"><span style=\"color: #333399; text-decoration: underline;\"><strong>VER ACTA CONSTITUCI\u00d3N ASOCIACI\u00d3N DE USUARIOS<\/strong><\/span><\/span><\/a><\/p>\n<p><a href=\"http:\/\/esebarrancabermeja.gov.co\/wp-content\/uploads\/2022\/02\/ESTATUTOS-ASOCIACION-DE-USUARIOS.pdf\"><span style=\"text-decoration: underline;\"><span style=\"color: #333399; text-decoration: underline;\"><strong>VER ESTATUTOS ASOCIACI\u00d3N DE USUARIOS<\/strong><\/span><\/span><\/a><\/p>\n<p><a href=\"http:\/\/esebarrancabermeja.gov.co\/wp-content\/uploads\/2023\/04\/CERTIFICADO-CAMARA-DE-COMERCIO-ASOCIACION-DE-USUARIOS-ESEB-2023.pdf\"><span style=\"text-decoration: underline;\"><span style=\"color: #333399; text-decoration: underline;\"><strong>VER CERTIFICADO C\u00c1MARA DE COMERCIO ASOCIACI\u00d3N DE USUARIOS<\/strong><\/span><\/span><\/a><\/p>\n<p><a href=\"http:\/\/esebarrancabermeja.gov.co\/wp-content\/uploads\/2023\/03\/BASE-DATOS-ASOCIACION-2023.xlsx\"><span style=\"text-decoration: underline;\"><span style=\"color: #333399; text-decoration: underline;\"><strong>VER BASE DE DATOS ASOCIACI\u00d3N DE USUARIOS<\/strong><\/span><\/span><\/a><\/p>\n<p><a href=\"http:\/\/esebarrancabermeja.gov.co\/wp-content\/uploads\/2022\/11\/ASOCIACION-DE-USUARIOS-ESE-BARRANCABERMEJA-2021-EN-EJERCICIO-DE-LA-PARTICIPACION-SOCIAL.pdf\"><span style=\"text-decoration: underline;\"><span style=\"color: #333399; text-decoration: underline;\"><strong>VER GALERIA ASOCIACI\u00d3N DE USUARIOS<\/strong><\/span><\/span><\/a><\/p>\n<p><a href=\"http:\/\/esebarrancabermeja.gov.co\/actas-reunion-asociacion-de-usuarios\/\"><span style=\"text-decoration: underline;\"><span style=\"color: #333399; text-decoration: underline;\"><strong>VER ACTAS REUNI\u00d3N ASOCIACI\u00d3N DE USUARIOS<\/strong><\/span><\/span><\/a><\/p>\n<p><a href=\"http:\/\/esebarrancabermeja.gov.co\/wp-content\/uploads\/2023\/01\/RECONOCIMIENTO.png\"><span style=\"text-decoration: underline;\"><span style=\"color: #333399; text-decoration: underline;\"><strong>VER RECONOCIMIENTO ASOCIACI\u00d3N DE USUARIOS<\/strong><\/span><\/span><\/a><\/p>\n<p><a href=\"http:\/\/esebarrancabermeja.gov.co\/wp-content\/uploads\/2023\/02\/IMG-20230201-WA0004.jpg\"><span style=\"text-decoration: underline;\"><span style=\"color: #333399; text-decoration: underline;\"><strong>VER CONVOCATORIA ELECCION REPRESENTANTE ASOCIACI\u00d3N DE USUARIOS<\/strong><\/span><\/span><\/a><\/p>\n<p><a href=\"http:\/\/esebarrancabermeja.gov.co\/wp-content\/uploads\/2023\/03\/PROCESO-ELECCION-2023-2025-ESEB-1.pdf\"><span style=\"text-decoration: underline;\"><span style=\"color: #333399; text-decoration: underline;\"><strong>VER PROCESO DE ELECCI\u00d3N REPRESENTANTE ASOCIACI\u00d3N DE USUARIOS VIGENCIA 2023-2025<\/strong><\/span><\/span><\/a><\/p>\n<p>\u00a0<\/p>\n\n\n<div class=\"wp-block-buttons\">\n<div class=\"wp-block-button is-style-outline\"><a class=\"wp-block-button__link has-black-color has-pale-cyan-blue-background-color has-text-color has-background\" href=\"http:\/\/esebarrancabermeja.gov.co\/espacio-exclusivo-asociacion-de-usuarios\/\"><strong>Espacio exclusivo para la Asociaci\u00f3n de Usuario Apoyo a la Gesti\u00f3n de Participaci\u00f3n Social<\/strong><\/a><\/div>\n<\/div>\n\n\n\n<p><\/p>\n\n\n\n<p><\/p>\n\n\n\n<p><\/p>\n","protected":false},"excerpt":{"rendered":"<p>ASOCIACI\u00d3N DE USUARIOS La ASOCIACI\u00d3N DE USUARIOS de la ESE Barrancabermeja es un \u00a0mecanismo de participaci\u00f3n social que garantiza la voz del usuario en toda la prestaci\u00f3n del servicio que se brinda en la instituci\u00f3n. Qu\u00e9 son las asociaciones de usuarios en salud? Seg\u00fan lo establecido por el Decreto 1757 de 1994 la alianza o<\/p>\n","protected":false},"author":1,"featured_media":0,"parent":0,"menu_order":0,"comment_status":"closed","ping_status":"closed","template":"","meta":{"_bbp_topic_count":0,"_bbp_reply_count":0,"_bbp_total_topic_count":0,"_bbp_total_reply_count":0,"_bbp_voice_count":0,"_bbp_anonymous_reply_count":0,"_bbp_topic_count_hidden":0,"_bbp_reply_count_hidden":0,"_bbp_forum_subforum_count":0},"categories":[570],"tags":[],"_links":{"self":[{"href":"https:\/\/esebarrancabermeja.gov.co\/antigua-ese-2022\/wp-json\/wp\/v2\/pages\/5256"}],"collection":[{"href":"https:\/\/esebarrancabermeja.gov.co\/antigua-ese-2022\/wp-json\/wp\/v2\/pages"}],"about":[{"href":"https:\/\/esebarrancabermeja.gov.co\/antigua-ese-2022\/wp-json\/wp\/v2\/types\/page"}],"author":[{"embeddable":true,"href":"https:\/\/esebarrancabermeja.gov.co\/antigua-ese-2022\/wp-json\/wp\/v2\/users\/1"}],"replies":[{"embeddable":true,"href":"https:\/\/esebarrancabermeja.gov.co\/antigua-ese-2022\/wp-json\/wp\/v2\/comments?post=5256"}],"version-history":[{"count":6,"href":"https:\/\/esebarrancabermeja.gov.co\/antigua-ese-2022\/wp-json\/wp\/v2\/pages\/5256\/revisions"}],"predecessor-version":[{"id":10131,"href":"https:\/\/esebarrancabermeja.gov.co\/antigua-ese-2022\/wp-json\/wp\/v2\/pages\/5256\/revisions\/10131"}],"wp:attachment":[{"href":"https:\/\/esebarrancabermeja.gov.co\/antigua-ese-2022\/wp-json\/wp\/v2\/media?parent=5256"}],"wp:term":[{"taxonomy":"category","embeddable":true,"href":"https:\/\/esebarrancabermeja.gov.co\/antigua-ese-2022\/wp-json\/wp\/v2\/categories?post=5256"},{"taxonomy":"post_tag","embeddable":true,"href":"https:\/\/esebarrancabermeja.gov.co\/antigua-ese-2022\/wp-json\/wp\/v2\/tags?post=5256"}],"curies":[{"name":"wp","href":"https:\/\/api.w.org\/{rel}","templated":true}]}}