{"id":5266,"date":"2019-01-31T08:40:01","date_gmt":"2019-01-31T13:40:01","guid":{"rendered":"http:\/\/esebarrancabermeja.gov.co\/?page_id=5266"},"modified":"2021-09-10T15:03:12","modified_gmt":"2021-09-10T20:03:12","slug":"trato-digno-calidez-y-humanizacion","status":"publish","type":"page","link":"https:\/\/esebarrancabermeja.gov.co\/antigua-ese-2022\/trato-digno-calidez-y-humanizacion\/","title":{"rendered":"TRATO DIGNO, CALIDEZ Y HUMANIZACI\u00d3N"},"content":{"rendered":"<p style=\"text-align: justify; background: #FCFCFC; margin: 0cm 0cm 15.0pt 0cm;\"><span style=\"font-size: 17px; font-family: Helvetica, sans-serif; color: #535353;\">CIRCULAR EXTERNA 008 DE 2018 DE LA SUPERINTENDENCIA NACIONAL DE SALUD, PROTECCI\u00d3N DE LOS USUARIOS Y LA PARTICIPACI\u00d3N CIUDADANA : \u201ces obligaci\u00f3n de todos los funcionarios y\/o trabajadores de las entidades vigiladas que manejan los tr\u00e1mites administrativos y\/o asistenciales del plan de salud, ofrecer un trato digno a los usuarios que acudan a solicitar servicios ante las respectivas entidades.<\/span><\/p>\n<p style=\"text-align: justify; background: #FCFCFC; margin: 0cm 0cm 15.0pt 0cm;\"><span style=\"font-size: 17px; font-family: Helvetica, sans-serif; color: #535353;\">El buen trato debe ser rec\u00edproco, es de doble v\u00eda, es un encuentro (Usuario \u2013 funcionario) y por lo tanto se relaciona con la percepci\u00f3n que tenemos de los dem\u00e1s y de nosotros mismos.<\/span><\/p>\n<p style=\"text-align: center; background: #FCFCFC; margin: 0cm 0cm 15.0pt 0cm;\" align=\"center\"><span style=\"font-size: 20.0pt;\">Trato Digno a nuestros Usuarios<\/span><\/p>\n<p style=\"text-align: justify; background: #FCFCFC; margin: 0cm 0cm 15.0pt 0cm;\"><span style=\"font-family: helvetica; font-size: 17px;\">La ESE Barrancabermeja garantiza que todas las personas que requieren servicios de salud se encuentran en un menor o mayor grado de vulnerabilidad y gozan del total amparo de este Derecho Fundamental. Es obligaci\u00f3n de todos los funcionarios y\/o trabajadores que manejan los tr\u00e1mites administrativos y\/o asistenciales de salud, ofrecer un trato digno a los usuarios que acudan a solicitar servicios ante nuestra Empresa Social Del Estado Barrancabermeja, dicho trato debe cumplir como m\u00ednimo, con las siguientes caracter\u00edsticas:<\/span><\/p>\n<p style=\"text-align: justify; background: #FCFCFC; margin: 0cm 0cm 15.0pt 0cm;\"><span style=\"font-family: helvetica; font-size: 17px;\">a) Atenci\u00f3n focalizada, \u00e1gil, oportuna, eficaz, eficiente y sensible a las necesidades de los usuarios.<\/span><\/p>\n<p style=\"text-align: justify; background: #FCFCFC; margin: 0cm 0cm 15.0pt 0cm;\"><span style=\"font-family: helvetica; font-size: 17px;\">b) Soluci\u00f3n de fondo a las solicitudes de atenci\u00f3n en salud, ya sea prestadas directamente o a trav\u00e9s de terceros, brindando soluciones alternativas de acceso al servicio requerido, para satisfacer \u00edntegramente la necesidad planteada por el usuario.<\/span><\/p>\n<p style=\"text-align: justify; background: #FCFCFC; margin: 0cm 0cm 15.0pt 0cm;\"><span style=\"font-family: helvetica; font-size: 17px;\">c) Dar un trato humanizado, con observancia del respeto, la cordialidad, la orientaci\u00f3n y comunicaci\u00f3n permanente. Brindar atenci\u00f3n preferencial, al adulto mayor, a los ni\u00f1os, ni\u00f1as, a las personas en condici\u00f3n de discapacidad, a las mujeres gestantes y en general dem\u00e1s personas que, debido a sus condiciones particulares, requieran en un momento determinado atenci\u00f3n especial como las personas en etapa de postoperatorio o evidente o manifiesto estado de debilidad.<\/span><\/p>\n<p style=\"text-align: justify; background: #FCFCFC; margin: 0cm 0cm 15.0pt 0cm;\"><span style=\"font-family: helvetica; font-size: 17px;\">d) Aplicar y Garantizar los Derechos y Deberes de los usuarios.<\/span><\/p>\n<p><span style=\"color: #000080; font-size: 18px;\"><a style=\"color: #000080;\" href=\"http:\/\/esebarrancabermeja.gov.co\/wp-content\/uploads\/2021\/09\/Plegable-Trato-digno-y-calidez-Ese-Marzo-08-1.pdf\"><span style=\"text-decoration: underline;\">Ver Folleto en PDF<\/span><\/a><\/span><\/p>\n","protected":false},"excerpt":{"rendered":"<p>CIRCULAR EXTERNA 008 DE 2018 DE LA SUPERINTENDENCIA NACIONAL DE SALUD, PROTECCI\u00d3N DE LOS USUARIOS Y LA PARTICIPACI\u00d3N CIUDADANA : \u201ces obligaci\u00f3n de todos los funcionarios y\/o trabajadores de las entidades vigiladas que manejan los tr\u00e1mites administrativos y\/o asistenciales del plan de salud, ofrecer un trato digno a los usuarios que acudan a solicitar servicios<\/p>\n","protected":false},"author":1,"featured_media":0,"parent":0,"menu_order":0,"comment_status":"closed","ping_status":"closed","template":"","meta":{"_bbp_topic_count":0,"_bbp_reply_count":0,"_bbp_total_topic_count":0,"_bbp_total_reply_count":0,"_bbp_voice_count":0,"_bbp_anonymous_reply_count":0,"_bbp_topic_count_hidden":0,"_bbp_reply_count_hidden":0,"_bbp_forum_subforum_count":0},"categories":[570],"tags":[],"_links":{"self":[{"href":"https:\/\/esebarrancabermeja.gov.co\/antigua-ese-2022\/wp-json\/wp\/v2\/pages\/5266"}],"collection":[{"href":"https:\/\/esebarrancabermeja.gov.co\/antigua-ese-2022\/wp-json\/wp\/v2\/pages"}],"about":[{"href":"https:\/\/esebarrancabermeja.gov.co\/antigua-ese-2022\/wp-json\/wp\/v2\/types\/page"}],"author":[{"embeddable":true,"href":"https:\/\/esebarrancabermeja.gov.co\/antigua-ese-2022\/wp-json\/wp\/v2\/users\/1"}],"replies":[{"embeddable":true,"href":"https:\/\/esebarrancabermeja.gov.co\/antigua-ese-2022\/wp-json\/wp\/v2\/comments?post=5266"}],"version-history":[{"count":4,"href":"https:\/\/esebarrancabermeja.gov.co\/antigua-ese-2022\/wp-json\/wp\/v2\/pages\/5266\/revisions"}],"predecessor-version":[{"id":7576,"href":"https:\/\/esebarrancabermeja.gov.co\/antigua-ese-2022\/wp-json\/wp\/v2\/pages\/5266\/revisions\/7576"}],"wp:attachment":[{"href":"https:\/\/esebarrancabermeja.gov.co\/antigua-ese-2022\/wp-json\/wp\/v2\/media?parent=5266"}],"wp:term":[{"taxonomy":"category","embeddable":true,"href":"https:\/\/esebarrancabermeja.gov.co\/antigua-ese-2022\/wp-json\/wp\/v2\/categories?post=5266"},{"taxonomy":"post_tag","embeddable":true,"href":"https:\/\/esebarrancabermeja.gov.co\/antigua-ese-2022\/wp-json\/wp\/v2\/tags?post=5266"}],"curies":[{"name":"wp","href":"https:\/\/api.w.org\/{rel}","templated":true}]}}