{"id":5548,"date":"2019-04-09T11:52:51","date_gmt":"2019-04-09T16:52:51","guid":{"rendered":"http:\/\/esebarrancabermeja.gov.co\/?page_id=5548"},"modified":"2021-05-04T14:12:23","modified_gmt":"2021-05-04T19:12:23","slug":"informe-rendicion-de-cuentas","status":"publish","type":"page","link":"https:\/\/esebarrancabermeja.gov.co\/antigua-ese-2022\/informe-rendicion-de-cuentas\/","title":{"rendered":"INFORME RENDICION DE CUENTAS"},"content":{"rendered":"<p>RENDICI\u00d3N DE CUENTAS VIGENCIA 2020 <a href=\"http:\/\/esebarrancabermeja.gov.co\/wp-content\/uploads\/2021\/05\/INFORME-DE-RENDICION-DE-CUENTAS-VIG-2020.pdf\">(Descargar Documento PDF)<\/a><\/p>\n<p>RENDICI\u00d3N DE CUENTAS VIGENCIA 2016-2019&nbsp;<a href=\"http:\/\/esebarrancabermeja.gov.co\/wp-content\/uploads\/2021\/02\/INFORME-DE-RENDICION-DE-CUENTAS-VIGENCIA-2016-2019-2.pdf\">(Descargar Documento PDF)<\/a><\/p>\n<p>RENDICI\u00d3N DE CUENTAS VIGENCIA 2018 <a href=\"http:\/\/esebarrancabermeja.gov.co\/wp-content\/uploads\/2019\/02\/INFORME-RENDICON-CUENTAS-VIG-2018.pdf\">(Descargar Documento PDF)<\/a><\/p>\n<p>RENDICI\u00d3N DE CUENTAS VIGENCIA 2017 <a href=\"http:\/\/esebarrancabermeja.gov.co\/wp-content\/uploads\/2018\/07\/RENDICION-DE-CUENTAS-CONSOLIDADO-2017.pdf\">(Descargar Documento PDF)<\/a><\/p>\n<p>RENDICI\u00d3N DE CUENTAS VIGENCIA 2016 <a href=\"http:\/\/esebarrancabermeja.gov.co\/wp-content\/uploads\/2019\/02\/INFORME-FINAL-RENDICION-DE-CUENTAS-2016.pdf\">(Descargar Documento PDF)<\/a><\/p>\n<p>RENDICI\u00d3N DE CUENTAS VIGENCIA 2015 <a href=\"http:\/\/esebarrancabermeja.gov.co\/wp-content\/uploads\/2019\/02\/INFORME-RENDICI%C3%93N-DE-CUENTAS-VIGENCIA-2015-1.pdf\">(Descargar Documento PDF)<\/a><\/p>\n","protected":false},"excerpt":{"rendered":"<p>RENDICI\u00d3N DE CUENTAS VIGENCIA 2020 (Descargar Documento PDF) RENDICI\u00d3N DE CUENTAS VIGENCIA 2016-2019&nbsp;(Descargar Documento PDF) RENDICI\u00d3N DE CUENTAS VIGENCIA 2018 (Descargar Documento PDF) RENDICI\u00d3N DE CUENTAS VIGENCIA 2017 (Descargar Documento PDF) RENDICI\u00d3N DE CUENTAS VIGENCIA 2016 (Descargar Documento PDF) RENDICI\u00d3N DE CUENTAS VIGENCIA 2015 (Descargar Documento PDF)<\/p>\n","protected":false},"author":1,"featured_media":0,"parent":0,"menu_order":0,"comment_status":"closed","ping_status":"closed","template":"","meta":{"_bbp_topic_count":0,"_bbp_reply_count":0,"_bbp_total_topic_count":0,"_bbp_total_reply_count":0,"_bbp_voice_count":0,"_bbp_anonymous_reply_count":0,"_bbp_topic_count_hidden":0,"_bbp_reply_count_hidden":0,"_bbp_forum_subforum_count":0},"categories":[569],"tags":[],"_links":{"self":[{"href":"https:\/\/esebarrancabermeja.gov.co\/antigua-ese-2022\/wp-json\/wp\/v2\/pages\/5548"}],"collection":[{"href":"https:\/\/esebarrancabermeja.gov.co\/antigua-ese-2022\/wp-json\/wp\/v2\/pages"}],"about":[{"href":"https:\/\/esebarrancabermeja.gov.co\/antigua-ese-2022\/wp-json\/wp\/v2\/types\/page"}],"author":[{"embeddable":true,"href":"https:\/\/esebarrancabermeja.gov.co\/antigua-ese-2022\/wp-json\/wp\/v2\/users\/1"}],"replies":[{"embeddable":true,"href":"https:\/\/esebarrancabermeja.gov.co\/antigua-ese-2022\/wp-json\/wp\/v2\/comments?post=5548"}],"version-history":[{"count":6,"href":"https:\/\/esebarrancabermeja.gov.co\/antigua-ese-2022\/wp-json\/wp\/v2\/pages\/5548\/revisions"}],"predecessor-version":[{"id":7154,"href":"https:\/\/esebarrancabermeja.gov.co\/antigua-ese-2022\/wp-json\/wp\/v2\/pages\/5548\/revisions\/7154"}],"wp:attachment":[{"href":"https:\/\/esebarrancabermeja.gov.co\/antigua-ese-2022\/wp-json\/wp\/v2\/media?parent=5548"}],"wp:term":[{"taxonomy":"category","embeddable":true,"href":"https:\/\/esebarrancabermeja.gov.co\/antigua-ese-2022\/wp-json\/wp\/v2\/categories?post=5548"},{"taxonomy":"post_tag","embeddable":true,"href":"https:\/\/esebarrancabermeja.gov.co\/antigua-ese-2022\/wp-json\/wp\/v2\/tags?post=5548"}],"curies":[{"name":"wp","href":"https:\/\/api.w.org\/{rel}","templated":true}]}}