{"id":5654,"date":"2019-01-07T11:18:46","date_gmt":"2019-01-07T16:18:46","guid":{"rendered":"http:\/\/esebarrancabermeja.gov.co\/?page_id=5654"},"modified":"2019-06-05T11:43:31","modified_gmt":"2019-06-05T16:43:31","slug":"planes-talento-humano","status":"publish","type":"page","link":"https:\/\/esebarrancabermeja.gov.co\/antigua-ese-2022\/planes-talento-humano\/","title":{"rendered":"PLANES TALENTO HUMANO"},"content":{"rendered":"<ul>\n<li><a href=\"http:\/\/esebarrancabermeja.gov.co\/wp-content\/uploads\/2019\/05\/RESOLUCION-PLAN-ANUAL-DE-VACANTES-Y-PROVISION-2019.pdf\">Plan Anual de Vacantes y Previsi\u00f3n de Recursos Humanos<\/a><\/li>\n<li>Plan Estrat\u00e9gico de Talento Humano<\/li>\n<li><a href=\"http:\/\/esebarrancabermeja.gov.co\/wp-content\/uploads\/2019\/06\/resolucion002_capacitacion.pdf\">Plan Institucional de Capacitaci\u00f3n<\/a><\/li>\n<li><a href=\"http:\/\/esebarrancabermeja.gov.co\/wp-content\/uploads\/2019\/06\/resolucion001_pbienestar.pdf\">Plan de Incentivos Institucionales<\/a><\/li>\n<\/ul>\n","protected":false},"excerpt":{"rendered":"<p>Plan Anual de Vacantes y Previsi\u00f3n de Recursos Humanos Plan Estrat\u00e9gico de Talento Humano Plan Institucional de Capacitaci\u00f3n Plan de Incentivos Institucionales<\/p>\n","protected":false},"author":1,"featured_media":0,"parent":0,"menu_order":0,"comment_status":"closed","ping_status":"closed","template":"","meta":{"_bbp_topic_count":0,"_bbp_reply_count":0,"_bbp_total_topic_count":0,"_bbp_total_reply_count":0,"_bbp_voice_count":0,"_bbp_anonymous_reply_count":0,"_bbp_topic_count_hidden":0,"_bbp_reply_count_hidden":0,"_bbp_forum_subforum_count":0},"categories":[560],"tags":[],"_links":{"self":[{"href":"https:\/\/esebarrancabermeja.gov.co\/antigua-ese-2022\/wp-json\/wp\/v2\/pages\/5654"}],"collection":[{"href":"https:\/\/esebarrancabermeja.gov.co\/antigua-ese-2022\/wp-json\/wp\/v2\/pages"}],"about":[{"href":"https:\/\/esebarrancabermeja.gov.co\/antigua-ese-2022\/wp-json\/wp\/v2\/types\/page"}],"author":[{"embeddable":true,"href":"https:\/\/esebarrancabermeja.gov.co\/antigua-ese-2022\/wp-json\/wp\/v2\/users\/1"}],"replies":[{"embeddable":true,"href":"https:\/\/esebarrancabermeja.gov.co\/antigua-ese-2022\/wp-json\/wp\/v2\/comments?post=5654"}],"version-history":[{"count":3,"href":"https:\/\/esebarrancabermeja.gov.co\/antigua-ese-2022\/wp-json\/wp\/v2\/pages\/5654\/revisions"}],"predecessor-version":[{"id":5661,"href":"https:\/\/esebarrancabermeja.gov.co\/antigua-ese-2022\/wp-json\/wp\/v2\/pages\/5654\/revisions\/5661"}],"wp:attachment":[{"href":"https:\/\/esebarrancabermeja.gov.co\/antigua-ese-2022\/wp-json\/wp\/v2\/media?parent=5654"}],"wp:term":[{"taxonomy":"category","embeddable":true,"href":"https:\/\/esebarrancabermeja.gov.co\/antigua-ese-2022\/wp-json\/wp\/v2\/categories?post=5654"},{"taxonomy":"post_tag","embeddable":true,"href":"https:\/\/esebarrancabermeja.gov.co\/antigua-ese-2022\/wp-json\/wp\/v2\/tags?post=5654"}],"curies":[{"name":"wp","href":"https:\/\/api.w.org\/{rel}","templated":true}]}}