{"id":5656,"date":"2019-06-05T11:19:09","date_gmt":"2019-06-05T16:19:09","guid":{"rendered":"http:\/\/esebarrancabermeja.gov.co\/?page_id=5656"},"modified":"2022-07-29T09:58:33","modified_gmt":"2022-07-29T14:58:33","slug":"m-i-p-g","status":"publish","type":"page","link":"https:\/\/esebarrancabermeja.gov.co\/antigua-ese-2022\/m-i-p-g\/","title":{"rendered":"M.I.P.G."},"content":{"rendered":"<ul>\n<li><a href=\"http:\/\/esebarrancabermeja.gov.co\/wp-content\/uploads\/2022\/07\/RESOLUCION-209-DE-2022.pdf\">Resoluci\u00f3n 209 DE 2022 &#8211; Modifica Resoluci\u00f3n 340 comit\u00e9 Institucional<\/a><\/li>\n<li><a href=\"http:\/\/esebarrancabermeja.gov.co\/wp-content\/uploads\/2019\/03\/Resolucion-340-1.pdf\">Resoluci\u00f3n 340 Creaci\u00f3n comit\u00e9 Institucional<\/a><\/li>\n<li><a href=\"http:\/\/esebarrancabermeja.gov.co\/wp-content\/uploads\/2019\/04\/resolucion-planes20190402_07461144.pdf\">Resoluci\u00f3n Integraci\u00f3n Planes Institucionales<\/a><\/li>\n<li><a href=\"http:\/\/esebarrancabermeja.gov.co\/vigencias\/\">Planes Estrat\u00e9gicos e Institucionales<\/a><\/li>\n<\/ul>\n\n\n<p><\/p>\n","protected":false},"excerpt":{"rendered":"<p>Resoluci\u00f3n 209 DE 2022 &#8211; Modifica Resoluci\u00f3n 340 comit\u00e9 Institucional Resoluci\u00f3n 340 Creaci\u00f3n comit\u00e9 Institucional Resoluci\u00f3n Integraci\u00f3n Planes Institucionales Planes Estrat\u00e9gicos e Institucionales<\/p>\n","protected":false},"author":1,"featured_media":0,"parent":0,"menu_order":0,"comment_status":"closed","ping_status":"closed","template":"","meta":{"_bbp_topic_count":0,"_bbp_reply_count":0,"_bbp_total_topic_count":0,"_bbp_total_reply_count":0,"_bbp_voice_count":0,"_bbp_anonymous_reply_count":0,"_bbp_topic_count_hidden":0,"_bbp_reply_count_hidden":0,"_bbp_forum_subforum_count":0},"categories":[560],"tags":[],"_links":{"self":[{"href":"https:\/\/esebarrancabermeja.gov.co\/antigua-ese-2022\/wp-json\/wp\/v2\/pages\/5656"}],"collection":[{"href":"https:\/\/esebarrancabermeja.gov.co\/antigua-ese-2022\/wp-json\/wp\/v2\/pages"}],"about":[{"href":"https:\/\/esebarrancabermeja.gov.co\/antigua-ese-2022\/wp-json\/wp\/v2\/types\/page"}],"author":[{"embeddable":true,"href":"https:\/\/esebarrancabermeja.gov.co\/antigua-ese-2022\/wp-json\/wp\/v2\/users\/1"}],"replies":[{"embeddable":true,"href":"https:\/\/esebarrancabermeja.gov.co\/antigua-ese-2022\/wp-json\/wp\/v2\/comments?post=5656"}],"version-history":[{"count":4,"href":"https:\/\/esebarrancabermeja.gov.co\/antigua-ese-2022\/wp-json\/wp\/v2\/pages\/5656\/revisions"}],"predecessor-version":[{"id":8722,"href":"https:\/\/esebarrancabermeja.gov.co\/antigua-ese-2022\/wp-json\/wp\/v2\/pages\/5656\/revisions\/8722"}],"wp:attachment":[{"href":"https:\/\/esebarrancabermeja.gov.co\/antigua-ese-2022\/wp-json\/wp\/v2\/media?parent=5656"}],"wp:term":[{"taxonomy":"category","embeddable":true,"href":"https:\/\/esebarrancabermeja.gov.co\/antigua-ese-2022\/wp-json\/wp\/v2\/categories?post=5656"},{"taxonomy":"post_tag","embeddable":true,"href":"https:\/\/esebarrancabermeja.gov.co\/antigua-ese-2022\/wp-json\/wp\/v2\/tags?post=5656"}],"curies":[{"name":"wp","href":"https:\/\/api.w.org\/{rel}","templated":true}]}}