{"id":6194,"date":"2020-01-29T09:58:56","date_gmt":"2020-01-29T14:58:56","guid":{"rendered":"http:\/\/esebarrancabermeja.gov.co\/?page_id=6194"},"modified":"2020-01-29T10:00:01","modified_gmt":"2020-01-29T15:00:01","slug":"planes-tics-2019","status":"publish","type":"page","link":"https:\/\/esebarrancabermeja.gov.co\/antigua-ese-2022\/planes-tics-2019\/","title":{"rendered":"Planes TICS 2019"},"content":{"rendered":"<ul>\n<li><a href=\"http:\/\/esebarrancabermeja.gov.co\/wp-content\/uploads\/2020\/01\/informe-de-gesti\u00f3n-oficina-de-sistemas-2019.pdf\" target=\"_blank\" rel=\"noopener\">Plan de Gesti\u00f3n TIC <\/a><\/li>\n<li><a href=\"http:\/\/esebarrancabermeja.gov.co\/wp-content\/uploads\/2020\/01\/plan-de-desarrollo-tecnologico-2019.pdf\" target=\"_blank\" rel=\"noopener\">Plan de Desarrollo Tecnol\u00f3gico<\/a><\/li>\n<li><a href=\"http:\/\/esebarrancabermeja.gov.co\/wp-content\/uploads\/2020\/01\/PLAN-DE-CONTINGENCIA-SISTEMAS-ESE-BCABJA-2019.pdf\" target=\"_blank\" rel=\"noopener\">Plan de Contingencia <\/a><\/li>\n<li><a href=\"http:\/\/esebarrancabermeja.gov.co\/wp-content\/uploads\/2019\/05\/GE-OT-026-PETI-2019-2021-definitivo.pdf\" target=\"_blank\" rel=\"noopener\">Plan Estrat\u00e9gico de Tecnolog\u00edas de la Informaci\u00f3n<\/a><\/li>\n<\/ul>\n","protected":false},"excerpt":{"rendered":"<p>Plan de Gesti\u00f3n TIC Plan de Desarrollo Tecnol\u00f3gico Plan de Contingencia Plan Estrat\u00e9gico de Tecnolog\u00edas de la Informaci\u00f3n<\/p>\n","protected":false},"author":1,"featured_media":0,"parent":0,"menu_order":0,"comment_status":"closed","ping_status":"closed","template":"","meta":{"_bbp_topic_count":0,"_bbp_reply_count":0,"_bbp_total_topic_count":0,"_bbp_total_reply_count":0,"_bbp_voice_count":0,"_bbp_anonymous_reply_count":0,"_bbp_topic_count_hidden":0,"_bbp_reply_count_hidden":0,"_bbp_forum_subforum_count":0},"categories":[560],"tags":[],"_links":{"self":[{"href":"https:\/\/esebarrancabermeja.gov.co\/antigua-ese-2022\/wp-json\/wp\/v2\/pages\/6194"}],"collection":[{"href":"https:\/\/esebarrancabermeja.gov.co\/antigua-ese-2022\/wp-json\/wp\/v2\/pages"}],"about":[{"href":"https:\/\/esebarrancabermeja.gov.co\/antigua-ese-2022\/wp-json\/wp\/v2\/types\/page"}],"author":[{"embeddable":true,"href":"https:\/\/esebarrancabermeja.gov.co\/antigua-ese-2022\/wp-json\/wp\/v2\/users\/1"}],"replies":[{"embeddable":true,"href":"https:\/\/esebarrancabermeja.gov.co\/antigua-ese-2022\/wp-json\/wp\/v2\/comments?post=6194"}],"version-history":[{"count":2,"href":"https:\/\/esebarrancabermeja.gov.co\/antigua-ese-2022\/wp-json\/wp\/v2\/pages\/6194\/revisions"}],"predecessor-version":[{"id":6199,"href":"https:\/\/esebarrancabermeja.gov.co\/antigua-ese-2022\/wp-json\/wp\/v2\/pages\/6194\/revisions\/6199"}],"wp:attachment":[{"href":"https:\/\/esebarrancabermeja.gov.co\/antigua-ese-2022\/wp-json\/wp\/v2\/media?parent=6194"}],"wp:term":[{"taxonomy":"category","embeddable":true,"href":"https:\/\/esebarrancabermeja.gov.co\/antigua-ese-2022\/wp-json\/wp\/v2\/categories?post=6194"},{"taxonomy":"post_tag","embeddable":true,"href":"https:\/\/esebarrancabermeja.gov.co\/antigua-ese-2022\/wp-json\/wp\/v2\/tags?post=6194"}],"curies":[{"name":"wp","href":"https:\/\/api.w.org\/{rel}","templated":true}]}}