{"id":8371,"date":"2022-04-22T06:19:58","date_gmt":"2022-04-22T11:19:58","guid":{"rendered":"https:\/\/esebarrancabermeja.gov.co\/?page_id=8371"},"modified":"2023-07-19T17:46:14","modified_gmt":"2023-07-19T22:46:14","slug":"rendicion-de-cuentas-ese","status":"publish","type":"page","link":"https:\/\/esebarrancabermeja.gov.co\/antigua-ese-2022\/rendicion-de-cuentas-ese\/","title":{"rendered":"RENDICI\u00d3N DE CUENTAS ESE BARRANCABERMEJA"},"content":{"rendered":"\n<div class=\"wp-block-buttons is-content-justification-left\">\n<div class=\"wp-block-button is-style-outline\" id=\"2022\"><a class=\"wp-block-button__link has-text-color has-background\" href=\"#2022\" style=\"border-radius:10px;background-color:#354b9c;color:#fffffa\" rel=\"\">VIGENCIA 2022<\/a><\/div>\n\n\n\n<div class=\"wp-block-button\" id=\"2022\"><a class=\"wp-block-button__link has-text-color has-background\" href=\"#2022\" style=\"border-radius:10px;background-color:#354b9c;color:#fffffa\">VIGENCIA 2021<\/a><\/div>\n\n\n\n<div class=\"wp-block-button is-style-outline\"><a class=\"wp-block-button__link has-text-color\" href=\"#anteriores\" style=\"border-radius:10px;color:#354b9c\" rel=\"\">VIGENCIAS ANTERIORES<\/a><\/div>\n<\/div>\n\n\n\n<h2 class=\"has-text-color\" id=\"2022\" style=\"color:#354b9c\"><strong>RENDICI\u00d3N DE CUENTAS<\/strong><\/h2>\n\n\n\n<p>La democracia exige y garantiza la participaci\u00f3n social, la rendici\u00f3n de cuentas a la comunidad es una pr\u00e1ctica de interlocuci\u00f3n entre las Empresas, la ciudadan\u00eda y sus organizaciones sociales (Asociaciones de usuarios, alianzas y veedur\u00edas) generando espacios de confianza y credibilidad en el control social a las entidades p\u00fablicas en procura de la transparencia administrativa.<\/p>\n\n\n\n<h4><strong>\u00bfQu\u00e9 es rendir cuentas?<\/strong><\/h4>\n\n\n\n<p>Es una obligaci\u00f3n de las entidades p\u00fablicas, de <strong>informar, dialogar y dar respuesta clara, concreta y eficaz<\/strong> a las peticiones y necesidades de la ciudadan\u00eda, las organizaciones, los usuarios y colaboradores sobre la <strong>gesti\u00f3n realizada<\/strong>, los resultados de sus <strong>planes de acci\u00f3n<\/strong> y el respeto, garant\u00eda y protecci\u00f3n de los <strong>derechos<\/strong>.<\/p>\n\n\n\n<p>Es uno de los <strong>mecanismos de participaci\u00f3n<\/strong> que permite a los ciudadanos ejercer<strong> control social<\/strong> a la gesti\u00f3n p\u00fablica.<\/p>\n\n\n\n<p>Este mecanismo, promueve que la administraci\u00f3n <strong>responda ante el ciudadano<\/strong>, por los deberes y obligaciones asignados.<\/p>\n\n\n\n<p>Es un espacio para la <strong>defensa <\/strong>del inter\u00e9s p\u00fablico por parte de la <strong>ciudadan\u00eda <\/strong>y el escenario propicio para que la entidad informe y explique los<strong> resultados de la gesti\u00f3n<\/strong>.<br><em>Ley 1757 de 2015<\/em><\/p>\n\n\n\n<p>Rendir cuentas es una oportunidad para que la sociedad <strong>evidencie los resultados de la entidad<\/strong>, de acuerdo con la misi\u00f3n y lleve a cabo la <strong>prestaci\u00f3n efectiva de servicios<\/strong> orientados a satisfacer las necesidades de sus usuarios y familia. As\u00ed mismo, permite <strong>visibilizar las acciones<\/strong> que se desarrollan para el cumplimiento de sus <strong>derechos<\/strong>.<\/p>\n\n\n\n<h4><strong>Pasos para la rendici\u00f3n de cuentas<\/strong><\/h4>\n\n\n\n<ol><li>Informar y explicar en lenguaje comprensible la gesti\u00f3n realizada.<\/li><li>Evidenciar las acciones que desarrolla la entidad.<\/li><li>Fomentar la transparencia y participaci\u00f3n ciudadana<\/li><li>Cumplir con la normatividad. Ley 1757 de 2015<\/li><\/ol>\n\n\n\n<div style=\"height:40px\" aria-hidden=\"true\" id=\"2021\" class=\"wp-block-spacer\"><\/div>\n\n\n\n<h2 class=\"has-text-color\" style=\"color:#354b9c\"><strong>VIGENCIA 2022<\/strong><\/h2>\n\n\n\n<h4><strong>VIGENCIA 2022<\/strong><\/h4>\n\n\n\n<ul><li>INFORME DE RENDICI\u00d3N DE CUENTAS VIGENCIA 2022<a href=\"http:\/\/esebarrancabermeja.gov.co\/wp-content\/uploads\/2023\/06\/INFORM-RDC-2022-23-E.S.E-BK.pdf\"> (Descargar Documento PDF<\/a>)<\/li><li>REGLAMENTO DE RENDICI\u00d3N DE CUENTAS VIGENCIA 2022<a href=\"http:\/\/esebarrancabermeja.gov.co\/wp-content\/uploads\/2023\/06\/documento.pdf\"> (Descargar Documento PDF<\/a>)<\/li><li>AUDIENCIA RENDICI\u00d3N DE CUENTAS VIGENCIA 2022 (<a rel=\"noreferrer noopener\" href=\"http:\/\/esebarrancabermeja.gov.co\/wp-content\/uploads\/2023\/07\/INFORME-ACTA-EVALUACION-RENDICION-CUENTAS-2022.pdf\" target=\"_blank\">Ver Informe<\/a>) \u2013 (<a href=\"http:\/\/esebarrancabermeja.gov.co\/wp-content\/uploads\/2023\/07\/EnVivo-Audiencia-Publica-de-Rendicion-de-Cuentas-de-la-Empresa-Social-del-Estado-Barrancabermeja-vigencia-2022.mp4\" target=\"_blank\" rel=\"noreferrer noopener\">Ver video<\/a>)<\/li><\/ul>\n\n\n\n<h3><strong>Invitaci\u00f3n<\/strong><\/h3>\n\n\n\n<figure class=\"wp-block-image size-large\"><img loading=\"lazy\" width=\"831\" height=\"623\" src=\"http:\/\/esebarrancabermeja.gov.co\/wp-content\/uploads\/2023\/03\/RENDICION-2022.png\" alt=\"\" class=\"wp-image-10004\" srcset=\"https:\/\/esebarrancabermeja.gov.co\/antigua-ese-2022\/wp-content\/uploads\/2023\/03\/RENDICION-2022.png 831w, https:\/\/esebarrancabermeja.gov.co\/antigua-ese-2022\/wp-content\/uploads\/2023\/03\/RENDICION-2022-300x225.png 300w, https:\/\/esebarrancabermeja.gov.co\/antigua-ese-2022\/wp-content\/uploads\/2023\/03\/RENDICION-2022-768x576.png 768w, https:\/\/esebarrancabermeja.gov.co\/antigua-ese-2022\/wp-content\/uploads\/2023\/03\/RENDICION-2022-249x187.png 249w\" sizes=\"(max-width: 831px) 100vw, 831px\" \/><\/figure>\n\n\n\n<h2 class=\"has-text-color\" style=\"color:#354b9c\"><strong>VIGENCIAS ANTERIORES<\/strong><\/h2>\n\n\n\n<h4><strong>VIGENCIA 2021<\/strong><\/h4>\n\n\n\n<ul><li>INVITACI\u00d3N (<a rel=\"noreferrer noopener\" href=\"http:\/\/esebarrancabermeja.gov.co\/rendicion-de-cuentas-2021\/\" target=\"_blank\">Ir al Enlace de la P\u00e1gina<\/a>)<\/li><li>INFORME DE RENDICI\u00d3N DE CUENTAS VIGENCIA 2021 (<a rel=\"noreferrer noopener\" href=\"http:\/\/esebarrancabermeja.gov.co\/wp-content\/uploads\/2022\/05\/Informe-RDC-2021-E.S.E-Barrancabermeja.pdf\" target=\"_blank\">Descargar Documento PDF<\/a>)<\/li><li>AUDIENCIA RENDICION DE CUENTAS 2021 (<a rel=\"noreferrer noopener\" href=\"http:\/\/esebarrancabermeja.gov.co\/wp-content\/uploads\/2022\/07\/INFORME-RENDICION-CUENTAS-2021.pdf\" target=\"_blank\">Ver Informe<\/a>) \u2013 (<a rel=\"noreferrer noopener\" href=\"http:\/\/esebarrancabermeja.gov.co\/wp-content\/uploads\/2021\/07\/ASISTENCIA-RENDICION-DE-CUENTAS-2020.xlsx\" target=\"_blank\">Ver Video<\/a>)<\/li><\/ul>\n\n\n\n<h4><strong>VIGENCIA 2020<\/strong><\/h4>\n\n\n\n<ul><li>INVITACI\u00d3N (<a href=\"http:\/\/esebarrancabermeja.gov.co\/rendicion-de-cuentas-vigencia-2020\/\" target=\"_blank\" rel=\"noreferrer noopener\">Ir al Enlace de la P\u00e1gina<\/a>)<\/li><li>INFORME DE RENDICI\u00d3N DE CUENTAS VIGENCIA 2020 (<a rel=\"noreferrer noopener\" href=\"http:\/\/esebarrancabermeja.gov.co\/wp-content\/uploads\/2021\/05\/INFORME-DE-RENDICION-DE-CUENTAS-VIG-2020.pdf\" target=\"_blank\">Descargar Documento PDF<\/a>)<\/li><li>AUDIENCIA RENDICION DE CUENTAS 2020 (<a rel=\"noreferrer noopener\" href=\"http:\/\/esebarrancabermeja.gov.co\/wp-content\/uploads\/2021\/07\/INFORME-DE-RENDICION-DE-CUENTAS-SIAU.pdf\" target=\"_blank\">Ver Informe<\/a>) \u2013 (<a rel=\"noreferrer noopener\" href=\"http:\/\/esebarrancabermeja.gov.co\/wp-content\/uploads\/2021\/07\/ASISTENCIA-RENDICION-DE-CUENTAS-2020.xlsx\" target=\"_blank\">Ver Actas<\/a>)<\/li><\/ul>\n\n\n\n<h4><strong>VIGENCIA 2019<\/strong><\/h4>\n\n\n\n<ul><li>INVITACI\u00d3N (<a rel=\"noreferrer noopener\" href=\"http:\/\/esebarrancabermeja.gov.co\/rendicion-de-cuentas-2020\/\" target=\"_blank\">Ir al Enlace de la P\u00e1gina<\/a>)<\/li><li>INFORME DE RENDICI\u00d3N DE CUENTAS VIGENCIA 2016-2019 (<a rel=\"noreferrer noopener\" href=\"http:\/\/esebarrancabermeja.gov.co\/wp-content\/uploads\/2021\/02\/INFORME-DE-RENDICION-DE-CUENTAS-VIGENCIA-2016-2019-2.pdf\" target=\"_blank\">Descargar Documento PDF<\/a>)<\/li><li>AUDIENCIA RENDICION DE CUENTAS 2019 (<a rel=\"noreferrer noopener\" href=\"http:\/\/esebarrancabermeja.gov.co\/wp-content\/uploads\/2021\/02\/INFORME-RENDICION-DE-CUENTAS-VIGENCIA-A%C3%91O-2019-1-1.pdf\" target=\"_blank\">Ver Informe<\/a>)<\/li><\/ul>\n\n\n\n<h4><strong>VIGENCIA 2018<\/strong><\/h4>\n\n\n\n<ul><li>INFORME DE RENDICI\u00d3N DE CUENTAS VIGENCIA 2018 (<a rel=\"noreferrer noopener\" href=\"http:\/\/esebarrancabermeja.gov.co\/wp-content\/uploads\/2019\/02\/INFORME-RENDICON-CUENTAS-VIG-2018.pdf\" target=\"_blank\">Descargar Documento PDF<\/a>)<\/li><li>AUDIENCIA RENDICION DE CUENTAS 2018 (<a rel=\"noreferrer noopener\" href=\"http:\/\/esebarrancabermeja.gov.co\/wp-content\/uploads\/2019\/04\/INFORME-RENDICI%C3%93N-DE-CUENTAS-VIGENCIA-2018-1.pdf\" target=\"_blank\">Ver Informe<\/a>) \u2013 (<a rel=\"noreferrer noopener\" href=\"http:\/\/esebarrancabermeja.gov.co\/wp-content\/uploads\/2019\/04\/ACTAS-ASISTENCIA-RENDICION-DE-CUENTAS-VIGENCIA-2018.pdf\" target=\"_blank\">Ver Actas<\/a>)<\/li><\/ul>\n\n\n\n<h4><strong>VIGENCIA 2017<\/strong><\/h4>\n\n\n\n<ul><li>INFORME DE RENDICI\u00d3N DE CUENTAS VIGENCIA 2017 (<a rel=\"noreferrer noopener\" href=\"http:\/\/esebarrancabermeja.gov.co\/wp-content\/uploads\/2018\/07\/RENDICION-DE-CUENTAS-CONSOLIDADO-2017.pdf\" target=\"_blank\">Descargar Documento PDF<\/a>)<\/li><\/ul>\n\n\n\n<h4><strong>VIGENCIA 2016<\/strong><\/h4>\n\n\n\n<ul><li>INFORME DE RENDICI\u00d3N DE CUENTAS VIGENCIA 2016 (<a rel=\"noreferrer noopener\" href=\"http:\/\/esebarrancabermeja.gov.co\/wp-content\/uploads\/2019\/02\/INFORME-FINAL-RENDICION-DE-CUENTAS-2016.pdf\" target=\"_blank\">Descargar Documento PDF<\/a>)<\/li><\/ul>\n\n\n\n<h4><strong>VIGENCIA 2015<\/strong><\/h4>\n\n\n\n<ul><li>INFORME DE RENDICI\u00d3N DE CUENTAS VIGENCIA 2015 (<a href=\"http:\/\/esebarrancabermeja.gov.co\/wp-content\/uploads\/2019\/02\/INFORME-RENDICI%C3%93N-DE-CUENTAS-VIGENCIA-2015-1.pdf\" target=\"_blank\" rel=\"noreferrer noopener\">Descargar Documento PDF<\/a>)<\/li><\/ul>\n\n\n\n<div style=\"height:50px\" aria-hidden=\"true\" class=\"wp-block-spacer\"><\/div>\n","protected":false},"excerpt":{"rendered":"<p>RENDICI\u00d3N DE CUENTAS La democracia exige y garantiza la participaci\u00f3n social, la rendici\u00f3n de cuentas a la comunidad es una pr\u00e1ctica de interlocuci\u00f3n entre las Empresas, la ciudadan\u00eda y sus organizaciones sociales (Asociaciones de usuarios, alianzas y veedur\u00edas) generando espacios de confianza y credibilidad en el control social a las entidades p\u00fablicas en procura de<\/p>\n","protected":false},"author":1,"featured_media":0,"parent":0,"menu_order":0,"comment_status":"closed","ping_status":"closed","template":"","meta":{"_bbp_topic_count":0,"_bbp_reply_count":0,"_bbp_total_topic_count":0,"_bbp_total_reply_count":0,"_bbp_voice_count":0,"_bbp_anonymous_reply_count":0,"_bbp_topic_count_hidden":0,"_bbp_reply_count_hidden":0,"_bbp_forum_subforum_count":0},"categories":[569,507],"tags":[],"_links":{"self":[{"href":"https:\/\/esebarrancabermeja.gov.co\/antigua-ese-2022\/wp-json\/wp\/v2\/pages\/8371"}],"collection":[{"href":"https:\/\/esebarrancabermeja.gov.co\/antigua-ese-2022\/wp-json\/wp\/v2\/pages"}],"about":[{"href":"https:\/\/esebarrancabermeja.gov.co\/antigua-ese-2022\/wp-json\/wp\/v2\/types\/page"}],"author":[{"embeddable":true,"href":"https:\/\/esebarrancabermeja.gov.co\/antigua-ese-2022\/wp-json\/wp\/v2\/users\/1"}],"replies":[{"embeddable":true,"href":"https:\/\/esebarrancabermeja.gov.co\/antigua-ese-2022\/wp-json\/wp\/v2\/comments?post=8371"}],"version-history":[{"count":5,"href":"https:\/\/esebarrancabermeja.gov.co\/antigua-ese-2022\/wp-json\/wp\/v2\/pages\/8371\/revisions"}],"predecessor-version":[{"id":10348,"href":"https:\/\/esebarrancabermeja.gov.co\/antigua-ese-2022\/wp-json\/wp\/v2\/pages\/8371\/revisions\/10348"}],"wp:attachment":[{"href":"https:\/\/esebarrancabermeja.gov.co\/antigua-ese-2022\/wp-json\/wp\/v2\/media?parent=8371"}],"wp:term":[{"taxonomy":"category","embeddable":true,"href":"https:\/\/esebarrancabermeja.gov.co\/antigua-ese-2022\/wp-json\/wp\/v2\/categories?post=8371"},{"taxonomy":"post_tag","embeddable":true,"href":"https:\/\/esebarrancabermeja.gov.co\/antigua-ese-2022\/wp-json\/wp\/v2\/tags?post=8371"}],"curies":[{"name":"wp","href":"https:\/\/api.w.org\/{rel}","templated":true}]}}