{"id":8787,"date":"2022-08-29T20:12:57","date_gmt":"2022-08-30T01:12:57","guid":{"rendered":"http:\/\/esebarrancabermeja.gov.co\/?page_id=8787"},"modified":"2022-08-29T21:17:54","modified_gmt":"2022-08-30T02:17:54","slug":"8787-2","status":"publish","type":"page","link":"https:\/\/esebarrancabermeja.gov.co\/antigua-ese-2022\/8787-2\/","title":{"rendered":"Normograma"},"content":{"rendered":"\n<p><\/p>\n\n\n\n<div class=\"wp-block-group\"><div class=\"wp-block-group__inner-container\">\n<figure class=\"wp-block-table is-style-regular\"><table><thead><tr><th><\/th><th><\/th><th><\/th><th><\/th><\/tr><\/thead><tbody><tr><td><strong>PROCESO<\/strong><\/td><td><strong>NORMA<\/strong><\/td><td><strong>DESCRIPCI\u00d3N<\/strong><\/td><td><strong>ARCHIVO<\/strong><\/td><\/tr><tr><td>SISTEMAS DE LA INFORMACI\u00d3N Y COMUNICACIONES<\/td><td>Art\u00edculo 209 Constituci\u00f3n pol\u00edtica de Colombia<\/td><td>Principios de la Funci\u00f3n Administrativa<\/td><td><a href=\"http:\/\/esebarrancabermeja.gov.co\/wp-content\/uploads\/2022\/08\/1-art-269.-Constitucion-Politica.pdf\" data-type=\"URL\" data-id=\"http:\/\/esebarrancabermeja.gov.co\/wp-content\/uploads\/2022\/08\/1-art-269.-Constitucion-Politica.pdf\">Descargar<\/a><\/td><\/tr><tr><td><\/td><td>Ley 962 de 2005<\/td><td>Por la cual se dictan disposiciones sobre racionalizaci\u00f3n de tr\u00e1mites y procedimientos administrativos de los organismos y entidades del estado y de los particulares que ejercen funciones p\u00fablicas o prestan servicios p\u00fablicos<\/td><td><a rel=\"noreferrer noopener\" href=\"http:\/\/esebarrancabermeja.gov.co\/wp-content\/uploads\/2022\/08\/2-Ley-962-de-2005.pdf\" data-type=\"URL\" data-id=\"http:\/\/esebarrancabermeja.gov.co\/wp-content\/uploads\/2022\/08\/2-Ley-962-de-2005.pdf\" target=\"_blank\">Descarga<\/a><a href=\"http:\/\/esebarrancabermeja.gov.co\/wp-content\/uploads\/2022\/08\/2-Ley-962-de-2005.pdf\" data-type=\"URL\" data-id=\"http:\/\/esebarrancabermeja.gov.co\/wp-content\/uploads\/2022\/08\/2-Ley-962-de-2005.pdf\" target=\"_blank\" rel=\"noreferrer noopener\">r<\/a><\/td><\/tr><tr><td><\/td><td>Decreto 1151 de 2008<\/td><td>Por el cual se establecen los lineamientos generales de la estrategia Gobierno en L\u00ednea, se reglamenta parcialmente la Ley 962 de 2005 y se dictan otras disposiciones<\/td><td><a rel=\"noreferrer noopener\" href=\"http:\/\/esebarrancabermeja.gov.co\/wp-content\/uploads\/2022\/08\/3-Decreto-1151-de-2008.pdf\" target=\"_blank\">Descarga<\/a><a href=\"http:\/\/esebarrancabermeja.gov.co\/wp-content\/uploads\/2022\/08\/3-Decreto-1151-de-2008.pdf\" target=\"_blank\" rel=\"noreferrer noopener\">r<\/a><\/td><\/tr><tr><td><\/td><td>Ley 1341 de 2009<\/td><td>Por la cual se definen principios y conceptos sobre la sociedad de la informaci\u00f3n y la organizaci\u00f3n de las Tecnolog\u00edas de la Informaci\u00f3n y las Comunicaciones &#8211; TIC, se crea la Agencia Nacional de Espectro y se dictan otras disposiciones<\/td><td><a href=\"http:\/\/esebarrancabermeja.gov.co\/wp-content\/uploads\/2022\/08\/4-Ley-1341-de-2009.pdf\">Descargar<\/a><\/td><\/tr><tr><td><\/td><td>Ley 1474 de 2011<\/td><td>Por el cual se dictan normas orientadas a fortalecer los mecanismos de prevenci\u00f3n, investigaci\u00f3n y sanci\u00f3n de actos de corrupci\u00f3n y la efectividad del control de la Gesti\u00f3n P\u00fablica<\/td><td><a href=\"http:\/\/esebarrancabermeja.gov.co\/wp-content\/uploads\/2022\/08\/5-Ley-1474-de-2011.pdf\">Descargar<\/a><\/td><\/tr><tr><td><\/td><td>Decreto 019 de 2012<\/td><td>Por el cual se dictan normas para suprimir o reformar regulaciones, procedimientos y tr\u00e1mites innecesarios existentes en la Administraci\u00f3n P\u00fablica<\/td><td><a rel=\"noreferrer noopener\" href=\"http:\/\/esebarrancabermeja.gov.co\/wp-content\/uploads\/2022\/08\/6-Decreto-19-de-2012.pdf\" target=\"_blank\">Descarga<\/a><a href=\"http:\/\/esebarrancabermeja.gov.co\/wp-content\/uploads\/2022\/08\/6-Decreto-19-de-2012.pdf\" target=\"_blank\" rel=\"noreferrer noopener\">r<\/a><\/td><\/tr><tr><td><\/td><td>Decreto 2693 de 2012<\/td><td>Por el cual se establecen los lineamientos generales de la Estrategia Gobierno en L\u00ednea, se reglamenta parcialmente las Leyes 1341 de 2009 y 1450 de 2011, y se dictan otras disposiciones<\/td><td><a rel=\"noreferrer noopener\" href=\"http:\/\/esebarrancabermeja.gov.co\/wp-content\/uploads\/2022\/08\/7-Decreto-2693-de-2012.pdf\" target=\"_blank\">Descarga<\/a><a href=\"http:\/\/esebarrancabermeja.gov.co\/wp-content\/uploads\/2022\/08\/7-Decreto-2693-de-2012.pdf\" target=\"_blank\" rel=\"noreferrer noopener\">r<\/a><\/td><\/tr><tr><td><\/td><td>Ley 1712 de 2014<\/td><td>Por medio de la cual se crea la ley de transparencia y derecho al acceso a la informaci\u00f3n p\u00fablica nacional y se dictan otras disposiciones<\/td><td><a rel=\"noreferrer noopener\" href=\"http:\/\/esebarrancabermeja.gov.co\/wp-content\/uploads\/2022\/08\/8-Ley-1712-de-2014.pdf\" target=\"_blank\">Descarga<\/a><a href=\"http:\/\/esebarrancabermeja.gov.co\/wp-content\/uploads\/2022\/08\/8-Ley-1712-de-2014.pdf\" target=\"_blank\" rel=\"noreferrer noopener\">r<\/a><\/td><\/tr><tr><td><\/td><td>Decreto 2573 de 2014<\/td><td>Por el cual se establecen los lineamientos generales de la Estrategia de Gobierno en l\u00ednea, se reglamenta parcialmente la Ley 1341 de 2009 y se dictan otras disposiciones<\/td><td><a rel=\"noreferrer noopener\" href=\"http:\/\/esebarrancabermeja.gov.co\/wp-content\/uploads\/2022\/08\/9-DECRETO-2573-DEL-12-DE-DICIEMBRE-DE-2014.pdf\" target=\"_blank\">Descarga<\/a><a href=\"http:\/\/esebarrancabermeja.gov.co\/wp-content\/uploads\/2022\/08\/9-DECRETO-2573-DEL-12-DE-DICIEMBRE-DE-2014.pdf\" target=\"_blank\" rel=\"noreferrer noopener\">r<\/a><\/td><\/tr><tr><td><\/td><td>Decreto 1078 de 2015<\/td><td>Por medio del cual se expide el Decreto \u00danico Reglamentario del Sector de Tecnolog\u00edas de la Informaci\u00f3n y las Comunicaciones<\/td><td><a href=\"http:\/\/esebarrancabermeja.gov.co\/wp-content\/uploads\/2022\/08\/10 - Decreto_1078_de_2015_Sector_de_Tecnolog\u00edas_de_la_Informaci\u00f3n_y_las_Comunicaciones\">Descargar<\/a><\/td><\/tr><tr><td><\/td><td>Decreto 415 de 2016<\/td><td>Por el cual se adiciona el Decreto \u00danico Reglamentario del sector de la Funci\u00f3n P\u00fablica, Decreto Numero 1083 de 2015, en lo relacionado con la definici\u00f3n de los lineamientos para el fortalecimiento institucional en materia de tecnolog\u00edas de la informaci\u00f3n y las comunicaciones.<\/td><td><a rel=\"noreferrer noopener\" href=\"http:\/\/esebarrancabermeja.gov.co\/wp-content\/uploads\/2022\/08\/11-Decreto-415-de-2016.pdf\" target=\"_blank\">Descarga<\/a><a href=\"http:\/\/esebarrancabermeja.gov.co\/wp-content\/uploads\/2022\/08\/11-Decreto-415-de-2016.pdf\" target=\"_blank\" rel=\"noreferrer noopener\">r<\/a><\/td><\/tr><tr><td><\/td><td>Decreto 1499 de 2017<\/td><td>Por medio del cual se modifica el Decreto 1083 de 2015, Decreto \u00danico Reglamentario del Sector Funci\u00f3n P\u00fablica, en lo relacionado con el Sistema de Gesti\u00f3n establecido en el art\u00edculo 133 de la Ley 1753 de<\/td><td><a href=\"http:\/\/esebarrancabermeja.gov.co\/wp-content\/uploads\/2022\/08\/12-Decreto-1499-de-2017-Por-medio-del-cual-se-modifica-el-Decreto-1083-de-2015.pdf\">Descargar<\/a><\/td><\/tr><tr><td><\/td><td>Resoluci\u00f3n Interna 209 DE 2022<\/td><td>Por medio del cual se modifica la resoluci\u00f3n 340 del 18 de octubre de 2017 y se adopta la implementaci\u00f3n actualizada del Modelo Integrado de Planeaci\u00f3n y Gesti\u00f3n &#8211; MIPG en la Empresa Social del Estado Barrancabermeja<\/td><td><a rel=\"noreferrer noopener\" href=\"http:\/\/esebarrancabermeja.gov.co\/wp-content\/uploads\/2022\/08\/13-RESOLUCION-209-DE-2022.pdf\" target=\"_blank\">Descarga<\/a><a href=\"http:\/\/esebarrancabermeja.gov.co\/wp-content\/uploads\/2022\/08\/13-RESOLUCION-209-DE-2022.pdf\" target=\"_blank\" rel=\"noreferrer noopener\">r<\/a><\/td><\/tr><tr><td><\/td><td><\/td><td><\/td><td><\/td><\/tr><tr><td><\/td><td><\/td><td><\/td><td><\/td><\/tr><tr><td><\/td><td><\/td><td><\/td><td><\/td><\/tr><tr><td><\/td><td><\/td><td><\/td><td><\/td><\/tr><\/tbody><\/table><\/figure>\n<\/div><\/div>\n\n\n\n<p><\/p>\n","protected":false},"excerpt":{"rendered":"","protected":false},"author":1,"featured_media":0,"parent":0,"menu_order":0,"comment_status":"closed","ping_status":"closed","template":"","meta":{"_bbp_topic_count":0,"_bbp_reply_count":0,"_bbp_total_topic_count":0,"_bbp_total_reply_count":0,"_bbp_voice_count":0,"_bbp_anonymous_reply_count":0,"_bbp_topic_count_hidden":0,"_bbp_reply_count_hidden":0,"_bbp_forum_subforum_count":0},"categories":[585],"tags":[],"_links":{"self":[{"href":"https:\/\/esebarrancabermeja.gov.co\/antigua-ese-2022\/wp-json\/wp\/v2\/pages\/8787"}],"collection":[{"href":"https:\/\/esebarrancabermeja.gov.co\/antigua-ese-2022\/wp-json\/wp\/v2\/pages"}],"about":[{"href":"https:\/\/esebarrancabermeja.gov.co\/antigua-ese-2022\/wp-json\/wp\/v2\/types\/page"}],"author":[{"embeddable":true,"href":"https:\/\/esebarrancabermeja.gov.co\/antigua-ese-2022\/wp-json\/wp\/v2\/users\/1"}],"replies":[{"embeddable":true,"href":"https:\/\/esebarrancabermeja.gov.co\/antigua-ese-2022\/wp-json\/wp\/v2\/comments?post=8787"}],"version-history":[{"count":4,"href":"https:\/\/esebarrancabermeja.gov.co\/antigua-ese-2022\/wp-json\/wp\/v2\/pages\/8787\/revisions"}],"predecessor-version":[{"id":8839,"href":"https:\/\/esebarrancabermeja.gov.co\/antigua-ese-2022\/wp-json\/wp\/v2\/pages\/8787\/revisions\/8839"}],"wp:attachment":[{"href":"https:\/\/esebarrancabermeja.gov.co\/antigua-ese-2022\/wp-json\/wp\/v2\/media?parent=8787"}],"wp:term":[{"taxonomy":"category","embeddable":true,"href":"https:\/\/esebarrancabermeja.gov.co\/antigua-ese-2022\/wp-json\/wp\/v2\/categories?post=8787"},{"taxonomy":"post_tag","embeddable":true,"href":"https:\/\/esebarrancabermeja.gov.co\/antigua-ese-2022\/wp-json\/wp\/v2\/tags?post=8787"}],"curies":[{"name":"wp","href":"https:\/\/api.w.org\/{rel}","templated":true}]}}