{"id":9090,"date":"2022-09-23T16:17:28","date_gmt":"2022-09-23T21:17:28","guid":{"rendered":"http:\/\/esebarrancabermeja.gov.co\/?page_id=9090"},"modified":"2022-12-21T16:04:45","modified_gmt":"2022-12-21T21:04:45","slug":"participa","status":"publish","type":"page","link":"https:\/\/esebarrancabermeja.gov.co\/antigua-ese-2022\/participa\/","title":{"rendered":"PARTICIPA"},"content":{"rendered":"\n<p class=\"has-medium-font-size\">Participa&nbsp;es la secci\u00f3n donde encontrar\u00e1 la informaci\u00f3n relacionada a los espacios, mecanismos y acciones que la Empresa Social del Estado Barrancabermeja, implementa en cumplimiento de la pol\u00edtica de participaci\u00f3n ciudadana en la gesti\u00f3n p\u00fablica, con el fin de fortalecer la interacci\u00f3n con la ciudadan\u00eda, grupos de inter\u00e9s y de valor, durante el diagn\u00f3stico, formulaci\u00f3n, implementaci\u00f3n, evaluaci\u00f3n y seguimiento a la gesti\u00f3n institucional a trav\u00e9s de su sitio web institucional.<\/p>\n\n\n\n<div class=\"wp-block-columns are-vertically-aligned-center\">\n<div class=\"wp-block-column is-vertically-aligned-center\" style=\"flex-basis:100%\">\n<p><\/p>\n<\/div>\n<\/div>\n\n\n\n<div class=\"wp-block-columns\">\n<div class=\"wp-block-column\" style=\"flex-basis:66.66%\">\n<ul class=\"has-background\" style=\"background:radial-gradient(rgb(238,238,238) 0%,rgb(169,184,195) 100%);font-size:21px\"><li><strong><em><a href=\"http:\/\/esebarrancabermeja.gov.co\/diagnostico-e-identificacion-de-problemas\/\">PARTICIPACI\u00d3N PARA EL DIAGNOSTICO E IDENTIFICACI\u00d3N DE PROBLEMAS<\/a><\/em><\/strong><\/li><\/ul>\n\n\n\n<ul class=\"has-black-color has-very-light-gray-to-cyan-bluish-gray-gradient-background has-text-color has-background\" style=\"font-size:26px\"><li><strong><strong><em><a href=\"http:\/\/esebarrancabermeja.gov.co\/consulta-ciudadana\/\">CONSULTA CIUDADANA<\/a><\/em><\/strong><\/strong><\/li><\/ul>\n\n\n\n<ul class=\"has-black-color has-very-light-gray-to-cyan-bluish-gray-gradient-background has-text-color has-background\" style=\"font-size:31px\"><li><strong><strong><em><a href=\"https:\/\/esebarrancabermeja.gov.co\/rendicion-de-cuentas-ese\/\">RENDICI\u00d3N DE CUENTAS<\/a><\/em><\/strong><\/strong><\/li><\/ul>\n\n\n\n<div class=\"wp-block-columns\">\n<div class=\"wp-block-column\" style=\"flex-basis:100%\"><\/div>\n<\/div>\n<\/div>\n\n\n\n<div class=\"wp-block-column\" style=\"flex-basis:66.66%\">\n<ul class=\"has-black-color has-text-color has-background\" style=\"background:radial-gradient(rgb(238,238,238) 0%,rgb(169,184,195) 100%);font-size:25px\"><li><strong><strong><em><a href=\"http:\/\/esebarrancabermeja.gov.co\/planeacion-y-presupuesto-participativo\/\">PLANEACI\u00d3N Y PRESUPUESTO PARTICIPATIVO<\/a><\/em><\/strong><\/strong><\/li><\/ul>\n\n\n\n<ul class=\"has-black-color has-very-light-gray-to-cyan-bluish-gray-gradient-background has-text-color has-background\" style=\"font-size:26px\"><li><strong><strong><strong><strong><em><a href=\"http:\/\/esebarrancabermeja.gov.co\/colaboracion-e-innovacion-abierta\/\" target=\"_blank\" rel=\"noreferrer noopener\">COLABORACI\u00d3N E INNOVACI\u00d3N ABIERTA<\/a><\/em><\/strong><\/strong><\/strong><\/strong><\/li><\/ul>\n\n\n\n<ul class=\"has-black-color has-very-light-gray-to-cyan-bluish-gray-gradient-background has-text-color has-background\" style=\"font-size:32px\"><li><strong><strong><strong><em><a href=\"http:\/\/esebarrancabermeja.gov.co\/control-social\/\">CONTROL SOCIAL<\/a><\/em><\/strong><\/strong><\/strong><\/li><\/ul>\n\n\n\n<p><\/p>\n\n\n\n<p><\/p>\n<\/div>\n<\/div>\n\n\n\n<p><\/p>\n","protected":false},"excerpt":{"rendered":"<p>Participa&nbsp;es la secci\u00f3n donde encontrar\u00e1 la informaci\u00f3n relacionada a los espacios, mecanismos y acciones que la Empresa Social del Estado Barrancabermeja, implementa en cumplimiento de la pol\u00edtica de participaci\u00f3n ciudadana en la gesti\u00f3n p\u00fablica, con el fin de fortalecer la interacci\u00f3n con la ciudadan\u00eda, grupos de inter\u00e9s y de valor, durante el diagn\u00f3stico, formulaci\u00f3n, implementaci\u00f3n,<\/p>\n","protected":false},"author":1,"featured_media":0,"parent":0,"menu_order":0,"comment_status":"closed","ping_status":"closed","template":"","meta":{"_bbp_topic_count":0,"_bbp_reply_count":0,"_bbp_total_topic_count":0,"_bbp_total_reply_count":0,"_bbp_voice_count":0,"_bbp_anonymous_reply_count":0,"_bbp_topic_count_hidden":0,"_bbp_reply_count_hidden":0,"_bbp_forum_subforum_count":0},"categories":[571],"tags":[],"_links":{"self":[{"href":"https:\/\/esebarrancabermeja.gov.co\/antigua-ese-2022\/wp-json\/wp\/v2\/pages\/9090"}],"collection":[{"href":"https:\/\/esebarrancabermeja.gov.co\/antigua-ese-2022\/wp-json\/wp\/v2\/pages"}],"about":[{"href":"https:\/\/esebarrancabermeja.gov.co\/antigua-ese-2022\/wp-json\/wp\/v2\/types\/page"}],"author":[{"embeddable":true,"href":"https:\/\/esebarrancabermeja.gov.co\/antigua-ese-2022\/wp-json\/wp\/v2\/users\/1"}],"replies":[{"embeddable":true,"href":"https:\/\/esebarrancabermeja.gov.co\/antigua-ese-2022\/wp-json\/wp\/v2\/comments?post=9090"}],"version-history":[{"count":5,"href":"https:\/\/esebarrancabermeja.gov.co\/antigua-ese-2022\/wp-json\/wp\/v2\/pages\/9090\/revisions"}],"predecessor-version":[{"id":9542,"href":"https:\/\/esebarrancabermeja.gov.co\/antigua-ese-2022\/wp-json\/wp\/v2\/pages\/9090\/revisions\/9542"}],"wp:attachment":[{"href":"https:\/\/esebarrancabermeja.gov.co\/antigua-ese-2022\/wp-json\/wp\/v2\/media?parent=9090"}],"wp:term":[{"taxonomy":"category","embeddable":true,"href":"https:\/\/esebarrancabermeja.gov.co\/antigua-ese-2022\/wp-json\/wp\/v2\/categories?post=9090"},{"taxonomy":"post_tag","embeddable":true,"href":"https:\/\/esebarrancabermeja.gov.co\/antigua-ese-2022\/wp-json\/wp\/v2\/tags?post=9090"}],"curies":[{"name":"wp","href":"https:\/\/api.w.org\/{rel}","templated":true}]}}