{"id":9386,"date":"2022-12-18T18:39:44","date_gmt":"2022-12-18T23:39:44","guid":{"rendered":"http:\/\/esebarrancabermeja.gov.co\/?page_id=9386"},"modified":"2022-12-18T19:00:01","modified_gmt":"2022-12-19T00:00:01","slug":"participa-2","status":"publish","type":"page","link":"https:\/\/esebarrancabermeja.gov.co\/antigua-ese-2022\/participa-2\/","title":{"rendered":"MEN\u00da PARTICIPA"},"content":{"rendered":"\n<p><\/p>\n\n\n\n<p class=\"has-medium-font-size\">El Men\u00fa Participa pretende facilitar la interacci\u00f3n e intervenci\u00f3n de los ciudadanos, usuarios y grupos de inter\u00e9s en las fases del ciclo de la gesti\u00f3n p\u00fablica, lo cual trasciende de informar o convocar la asistencia a actividades o servicios ofrecidos por la entidad y hace parte de la acci\u00f3n misional de las entidades.<\/p>\n\n\n\n<p class=\"has-medium-font-size\">As\u00ed mismo contiene la informaci\u00f3n sobre las posibilidades de interacci\u00f3n e intervenci\u00f3n de los ciudadanos, usuarios y grupos de inter\u00e9s en las fases de formulaci\u00f3n, ejecuci\u00f3n, control y evaluaci\u00f3n del ciclo de la gesti\u00f3n p\u00fablica definidas en la normatividad general y en las disposiciones espec\u00edficas para cada entidad, o que son dise\u00f1ados proactivamente para facilitar el ejercicio de este derecho.<\/p>\n\n\n\n<ul class=\"has-medium-font-size\"><li><strong>PARTICIPACI\u00d3N PARA EL DIAGNOSTICO E IDENTIFICACI\u00d3N DE PROBLEMAS<\/strong><\/li><li><strong>PLANEACI\u00d3N Y PRESUPUESTO PARTICIPATIVO<\/strong><\/li><li><strong>CONSULTA CIUDADANA<\/strong><\/li><li><strong>COLABORACI\u00d3N E INNOVACI\u00d3N ABIERTA<\/strong><\/li><li><strong>RENDICI\u00d3N DE CUENTAS<\/strong><\/li><li><strong>CONTROL SOCIAL<\/strong><\/li><\/ul>\n","protected":false},"excerpt":{"rendered":"<p>El Men\u00fa Participa pretende facilitar la interacci\u00f3n e intervenci\u00f3n de los ciudadanos, usuarios y grupos de inter\u00e9s en las fases del ciclo de la gesti\u00f3n p\u00fablica, lo cual trasciende de informar o convocar la asistencia a actividades o servicios ofrecidos por la entidad y hace parte de la acci\u00f3n misional de las entidades. As\u00ed mismo<\/p>\n","protected":false},"author":1,"featured_media":0,"parent":0,"menu_order":0,"comment_status":"closed","ping_status":"closed","template":"","meta":{"_bbp_topic_count":0,"_bbp_reply_count":0,"_bbp_total_topic_count":0,"_bbp_total_reply_count":0,"_bbp_voice_count":0,"_bbp_anonymous_reply_count":0,"_bbp_topic_count_hidden":0,"_bbp_reply_count_hidden":0,"_bbp_forum_subforum_count":0},"categories":[571],"tags":[],"_links":{"self":[{"href":"https:\/\/esebarrancabermeja.gov.co\/antigua-ese-2022\/wp-json\/wp\/v2\/pages\/9386"}],"collection":[{"href":"https:\/\/esebarrancabermeja.gov.co\/antigua-ese-2022\/wp-json\/wp\/v2\/pages"}],"about":[{"href":"https:\/\/esebarrancabermeja.gov.co\/antigua-ese-2022\/wp-json\/wp\/v2\/types\/page"}],"author":[{"embeddable":true,"href":"https:\/\/esebarrancabermeja.gov.co\/antigua-ese-2022\/wp-json\/wp\/v2\/users\/1"}],"replies":[{"embeddable":true,"href":"https:\/\/esebarrancabermeja.gov.co\/antigua-ese-2022\/wp-json\/wp\/v2\/comments?post=9386"}],"version-history":[{"count":6,"href":"https:\/\/esebarrancabermeja.gov.co\/antigua-ese-2022\/wp-json\/wp\/v2\/pages\/9386\/revisions"}],"predecessor-version":[{"id":9397,"href":"https:\/\/esebarrancabermeja.gov.co\/antigua-ese-2022\/wp-json\/wp\/v2\/pages\/9386\/revisions\/9397"}],"wp:attachment":[{"href":"https:\/\/esebarrancabermeja.gov.co\/antigua-ese-2022\/wp-json\/wp\/v2\/media?parent=9386"}],"wp:term":[{"taxonomy":"category","embeddable":true,"href":"https:\/\/esebarrancabermeja.gov.co\/antigua-ese-2022\/wp-json\/wp\/v2\/categories?post=9386"},{"taxonomy":"post_tag","embeddable":true,"href":"https:\/\/esebarrancabermeja.gov.co\/antigua-ese-2022\/wp-json\/wp\/v2\/tags?post=9386"}],"curies":[{"name":"wp","href":"https:\/\/api.w.org\/{rel}","templated":true}]}}